{"id":10344,"date":"2026-02-25T15:39:17","date_gmt":"2026-02-25T18:39:17","guid":{"rendered":"https:\/\/ies9009-infd.mendoza.edu.ar\/sitio\/?page_id=10344"},"modified":"2026-03-05T17:54:28","modified_gmt":"2026-03-05T20:54:28","slug":"contacto-2","status":"publish","type":"page","link":"https:\/\/ies9009-infd.mendoza.edu.ar\/sitio\/contacto-2\/","title":{"rendered":"CONTACTO"},"content":{"rendered":"\n<p><strong>SI DESEA COMUNICARSE<\/strong>: <\/p>\n\n\n\n<p><strong>\u00c1rea de T\u00edtulos<\/strong> 2622-355081 de Lunes a Viernes de 08:00 a 12:00 hs. <strong>Correo: <\/strong>titulos9009tupungato@gmail.com<\/p>\n\n\n\n<p><strong>Bedel\u00eda sede Central:<\/strong> 2622-404556 de Lunes a Viernes de 14:00 a 23:30 hs. <strong>Correo: <\/strong>ies9009tupungato@gmail.com<\/p>\n\n\n\n<p><strong>Bedel\u00eda Centro Universitario: correo: <\/strong>centrouniversitario9009@gmail.com<\/p>\n\n\n\n<p><strong>Bedel\u00eda Sede Tunuy\u00e1n:<\/strong> 2622-354670 de Lunes a Viernes de 19:30 a 23:30 hs. <strong>Correo: <\/strong>uatunuyan9009@gmail.com<\/p>\n\n\n\n<p><strong>Post\u00edtulos:<\/strong> 2622-355009 de Jueves a S\u00e1bados de 08:00 a 12:00 hs. <strong>Correo: <\/strong>iespostitulo9009@gmail.com <\/p>\n\n\n\n<p><strong><em>ACLARACI\u00d3N: <\/em><\/strong>para obtener informaci\u00f3n sobre carreras e inscripciones, consultar a: <strong><strong>consultasies9009tupungato@gmail.com<\/strong><\/strong><\/p>\n\n\n\n<p><\/p>\n","protected":false},"excerpt":{"rendered":"<p>SI DESEA COMUNICARSE: \u00c1rea de T\u00edtulos 2622-355081 de Lunes a Viernes de 08:00 a 12:00 hs. Correo: titulos9009tupungato@gmail.com Bedel\u00eda sede Central: 2622-404556 de Lunes a Viernes de 14:00 a 23:30 hs. Correo: ies9009tupungato@gmail.com Bedel\u00eda Centro Universitario: correo: centrouniversitario9009@gmail.com Bedel\u00eda Sede Tunuy\u00e1n: 2622-354670 de Lunes a Viernes de 19:30 a 23:30 hs. Correo: uatunuyan9009@gmail.com Post\u00edtulos: 2622-355009 &#8230; <a title=\"CONTACTO\" class=\"read-more\" href=\"https:\/\/ies9009-infd.mendoza.edu.ar\/sitio\/contacto-2\/\" aria-label=\"More on CONTACTO\">[+]<\/a><\/p>\n","protected":false},"author":1635,"featured_media":0,"parent":0,"menu_order":0,"comment_status":"closed","ping_status":"closed","template":"","meta":[],"acf":[],"_links":{"self":[{"href":"https:\/\/ies9009-infd.mendoza.edu.ar\/sitio\/wp-json\/wp\/v2\/pages\/10344"}],"collection":[{"href":"https:\/\/ies9009-infd.mendoza.edu.ar\/sitio\/wp-json\/wp\/v2\/pages"}],"about":[{"href":"https:\/\/ies9009-infd.mendoza.edu.ar\/sitio\/wp-json\/wp\/v2\/types\/page"}],"author":[{"embeddable":true,"href":"https:\/\/ies9009-infd.mendoza.edu.ar\/sitio\/wp-json\/wp\/v2\/users\/1635"}],"replies":[{"embeddable":true,"href":"https:\/\/ies9009-infd.mendoza.edu.ar\/sitio\/wp-json\/wp\/v2\/comments?post=10344"}],"version-history":[{"count":9,"href":"https:\/\/ies9009-infd.mendoza.edu.ar\/sitio\/wp-json\/wp\/v2\/pages\/10344\/revisions"}],"predecessor-version":[{"id":10367,"href":"https:\/\/ies9009-infd.mendoza.edu.ar\/sitio\/wp-json\/wp\/v2\/pages\/10344\/revisions\/10367"}],"wp:attachment":[{"href":"https:\/\/ies9009-infd.mendoza.edu.ar\/sitio\/wp-json\/wp\/v2\/media?parent=10344"}],"curies":[{"name":"wp","href":"https:\/\/api.w.org\/{rel}","templated":true}]}}