{"id":2140,"date":"2018-07-26T14:09:58","date_gmt":"2018-07-26T17:09:58","guid":{"rendered":"https:\/\/ies9009-mza.infd.edu.ar\/sitio\/?page_id=2140"},"modified":"2024-05-29T17:06:46","modified_gmt":"2024-05-29T20:06:46","slug":"jefatura-de-investigacion","status":"publish","type":"page","link":"https:\/\/ies9009-infd.mendoza.edu.ar\/sitio\/inicio\/cargos-unipersonales-de-gestion\/jefatura-de-investigacion\/","title":{"rendered":"Jefatura de Investigaci\u00f3n"},"content":{"rendered":"<h3>Finalidad<\/h3>\n<p><img decoding=\"async\" loading=\"lazy\" class=\"alignright\" src=\"https:\/\/encrypted-tbn0.gstatic.com\/images?q=tbn:ANd9GcQ6s8DcfIcxwGewnDQcTVu0WnAuybX81XUnt6FkmC4MEzcF_o4n\" width=\"347\" height=\"240\">En primer lugar nos preguntamos por el lugar y el sentido de la investigaci\u00f3n en nuestra instituci\u00f3n. A partir de dicho cuestionamiento entendemos la investigaci\u00f3n como un acto de conocimiento y de transformaci\u00f3n. Investigamos para conocer y transformar. Para conocer lo que somos y la realidad que nos rodea, para cambiar nuestro modo de pensar y de intervenir en el mundo. Para transformar la realidad. Para transformarnos.<\/p>\n<p>Consideramos la actividad de investigaci\u00f3n como un proceso que implica, simult\u00e1neamente, el conocimiento y el cuestionamiento de la realidad y de las categor\u00edas y discursos que la nombran, la capturan y la determinan. Es por eso que proponemos como objetos de estudio, tanto el universo material y cultural en el que como docentes estamos insertos, como los discursos y pr\u00e1cticas que median nuestra relaci\u00f3n con este universo.<\/p>\n<h3><\/h3>\n\n\n<\/h3>\n<h2 class=\"wp-block-heading\"><em>Objetivos de la Jefatura<\/em><\/h2>\n<h3>\n\n\n\n<\/h3>\nEste es el espacio para acceder a todas las investigaciones y publicaciones que realizan los equipos de profesores y estudiantes de la instituci\u00f3n, de equipos conformados con la Coordinaci\u00f3n General de Educaci\u00f3n Superior, la Direcci\u00f3n de Gesti\u00f3n de la Calidad Educativa de la DGE, del Instituto Nacional Educaci\u00f3n T\u00e9cnica (INET) y el Instituto Nacional de Formaci\u00f3n Docente (INFOD). Tambi\u00e9n est\u00e1n los lynks para acceder a las bases de datos de centros de investigaci\u00f3n de formaci\u00f3n docente del INFOD y de educaci\u00f3n t\u00e9cnica del INET, y por supuesto est\u00e1 abierto para incorporar los que consideres oportunos.\u00a0<strong>Centro de Documentaci\u00f3n INFOD:\u00a0<\/strong><a href=\"https:\/\/cedoc.infd.edu.ar\/\">https:\/\/cedoc.infd.edu.ar\/<\/a>\u00a0<strong>Estudios e Investigaciones INET:<\/strong>\u00a0<a href=\"http:\/\/www.inet.edu.ar\/index.php\/estudios-investigaciones\/\">http:\/\/www.inet.edu.ar\/index.php\/estudios-investigaciones\/<\/a>\n<h3>\n\n\n\n<\/h3>\n<h3>\n\n\n\n<\/h3>\n<h3>\n\n\n\n<h3><strong>ACTIVIDADES<\/strong><\/h3>\n<h4><span style=\"color: #333399;\"><strong>Publicaci\u00f3n del V Encuentro Iberoamericano de Gesti\u00f3n del Patrimonio<\/strong><\/span><\/h4>\n<p>Los trabajos que se presentan en esta obra fueron sometidos a revisi\u00f3n por pares acad\u00e9micos.<\/p>\n<p>La obra completa: <em><strong>\u00abGesti\u00f3n del patrimonio. Paisajes Culturales y participaci\u00f3n ciudadana\u00bb<\/strong><\/em> (A\u00f1o 2018, Comisi\u00f3n del Patrimonio Cultural de la Naci\u00f3n Uruguay, Intendencia de R\u00edo Negro, Uruguay) compila estudios de especialistas del patrimonio de toda Iberoam\u00e9rica. Edici\u00f3n Editorial: Universidad CLAEH, Departamento de Publicaciones.<\/p>\n<p><strong><a href=\"https:\/\/docs.google.com\/viewer?a=v&amp;pid=sites&amp;srcid=ZGVmYXVsdGRvbWFpbnxiaWJsaW90ZWNhaWVzOTAwOXxneDo0YjAxNDkwYzZhZDgxYTg3\" target=\"_blank\" rel=\"noopener\">Ver obra completa: Gesti\u00f3n del patrimonio. Paisajes culturales y participaci\u00f3n ciudadana.&nbsp;<\/a><\/strong><\/p>\n<p>Felicitaciones al Equipo de Investigaci\u00f3n del paisaje cultural de Tupungato del IES 9-009. Orgullo para el departamento y para toda la Regi\u00f3n. \u00danica ponencia y presentaci\u00f3n de instituto de educaci\u00f3n superior, entre universidades y grandes especialistas.<\/p>\n<hr>\n<p><strong>El equipo de investigaci\u00f3n del IES 9009 Tupungato<\/strong>, Paisaje Cultural de Tupungato, comparte con ustedes esta serie de salidas semanales que nos permitir\u00e1 transitar la historia de nuestro querido departamento a trav\u00e9s de sus dos caminos m\u00e1s relevantes. \u00bfSe animan a sumarse a este viaje?<\/p>\n<h3><!-- \/wp:paragraph --> <!-- wp:paragraph --><\/h3>\n<p><a href=\"https:\/\/ies9009-infd.mendoza.edu.ar\/sitio\/investigaciones-2020\/\" target=\"_blank\" rel=\"noreferrer noopener\" data-type=\"URL\" data-id=\"https:\/\/ies9009-infd.mendoza.edu.ar\/sitio\/investigaciones-2020\/\">ACCEDER A LAS INVESTIGACIONES:<\/a><\/p>\n<h3><img decoding=\"async\" loading=\"lazy\" class=\"\" src=\"https:\/\/ies9009-infd.mendoza.edu.ar\/sitio\/wp-content\/uploads\/2022\/09\/CaminosdeTupungato-768x569-1.jpg\" alt=\"La imagen tiene un atributo ALT vac\u00edo; su nombre de archivo es CaminosdeTupungato-768x569-1.jpg\" width=\"401\" height=\"297\"><\/h3>\n<p><!-- wp:paragraph --><\/p>\n<p>#Tupungatoencaminos#lugaresconhistoria#compart\u00edtusfotosyrelatos<\/p>\n<p><!-- \/wp:paragraph --> <!-- wp:paragraph --><\/p>\n<p><a href=\"https:\/\/drive.google.com\/file\/d\/1Acc4nqXDCDfOIYW6HoM2wQcbeckZnAeQ\/view?usp=sharing\" target=\"_blank\" rel=\"noreferrer noopener\">Primera salida<\/a><\/p>\n<p><!-- \/wp:paragraph --> <!-- wp:paragraph --><\/p>\n<p><a href=\"https:\/\/drive.google.com\/file\/d\/1TSyQLfBi8UpWBgWa6PQjS_2APsE4gcEf\/view?usp=sharing\" target=\"_blank\" rel=\"noreferrer noopener\">Segunda salida<\/a><\/p>\n<p><!-- \/wp:paragraph --> <!-- wp:paragraph --><\/p>\n<p><a href=\"https:\/\/drive.google.com\/file\/d\/16wGPfx9eQMyEib33NUHcIofBMjnB0bth\/view?usp=sharing\" target=\"_blank\" rel=\"noreferrer noopener\">Tercera salida<\/a><\/p>\n<p><!-- \/wp:paragraph --> <!-- wp:paragraph --><\/p>\n<p><a href=\"https:\/\/drive.google.com\/file\/d\/1M6RkhDNBiCdJssmff2koHDIrH-U9auZ3\/view?usp=sharing\" target=\"_blank\" rel=\"noreferrer noopener\">Cuarta salida<\/a><\/p>\n<p><!-- \/wp:paragraph --> <!-- wp:paragraph --><\/p>\n<p><a href=\"https:\/\/drive.google.com\/file\/d\/11CnOb9jcApqQBr-9V29xEnCdgpsO0XnO\/view?usp=sharing\" target=\"_blank\" rel=\"noreferrer noopener\">Quinta salida<\/a><\/p>\n<p><!-- \/wp:paragraph --> <!-- wp:paragraph --><\/p>\n<p><a href=\"https:\/\/drive.google.com\/file\/d\/1jDyy1uVGw2aRNjVG2-zD7ZlJiaiLmYev\/view?usp=sharing\" target=\"_blank\" rel=\"noreferrer noopener\">Sexta salida<\/a><\/p>\n<p><!-- \/wp:paragraph --> <!-- wp:paragraph --><\/p>\n<p><a href=\"https:\/\/drive.google.com\/file\/d\/1LGHNtrvg_KMS7aJBsp4cpSQpUZga6TTC\/view?usp=sharing\" target=\"_blank\" rel=\"noreferrer noopener\">S\u00e9ptima salida<\/a><\/p>\n<p><!-- \/wp:paragraph --><\/p>\n<hr>\n<h3>M\u00e1s actividades<\/h3>\n<style>.wp-show-posts-columns#wpsp-3286 {margin-left: -2em; }.wp-show-posts-columns#wpsp-3286 .wp-show-posts-inner {margin: 0 0 2em 2em; }<\/style><section id=\"wpsp-3286\" class=\" wp-show-posts-columns wp-show-posts\" style=\"\"><article class=\" wp-show-posts-single post-4565 post type-post status-publish format-standard hentry category-jefatura-de-extension category-jefatura-de-investigacion wpsp-col-20\" itemtype=\"http:\/\/schema.org\/CreativeWork\" itemscope><div class=\"wp-show-posts-inner\" style=\"\">\t\t\t\t\t\t<header class=\"wp-show-posts-entry-header\">\n\t\t\t\t\t\t\t<h5 class=\"wp-show-posts-entry-title\" itemprop=\"headline\"><a href=\"https:\/\/ies9009-infd.mendoza.edu.ar\/sitio\/taller-la-web-2-0-y-la-robotica-como-puente-para-inclusion\/\" rel=\"bookmark\">Taller \u00abLa Web 2.0 y la Rob\u00f3tica como puente para inclusi\u00f3n\u00bb<\/a><\/h5><div class=\"wp-show-posts-entry-meta wp-show-posts-entry-meta-below-title post-meta-inline\"><span class=\"wp-show-posts-posted-on wp-show-posts-meta\">\n\t\t\t\t\t<a href=\"https:\/\/ies9009-infd.mendoza.edu.ar\/sitio\/taller-la-web-2-0-y-la-robotica-como-puente-para-inclusion\/\" title=\"12:37 am\" rel=\"bookmark\"><time class=\"wp-show-posts-entry-date published\" datetime=\"2019-06-19T00:37:11-03:00\" itemprop=\"datePublished\">19 junio, 2019<\/time><time class=\"wp-show-posts-updated\" datetime=\"2020-02-21T14:57:31-03:00\" itemprop=\"dateModified\">21 febrero, 2020<\/time><\/a>\n\t\t\t\t<\/span><\/div>\t\t\t\t\t\t<\/header><!-- .entry-header -->\n\t\t\t\t\t\t\t\t\t\t\t<div class=\"wp-show-posts-entry-summary\" itemprop=\"text\">\n\t\t\t\t\t\t\t<p>Una nueva ecolog\u00eda del aprendizaje, emerge en una sociedad \u201ccaracterizada por la aparici\u00f3n de nuevos y m\u00faltiples escenarios que brindan la oportunidad para que las personas configuren sus actividades, acceda&#8230;<\/p>\n\t\t\t\t\t\t<\/div><!-- .entry-summary -->\n\t\t\t\t\t<div class=\"wpsp-read-more\"><a title=\"Taller \u00abLa Web 2.0 y la Rob\u00f3tica como puente para inclusi\u00f3n\u00bb\" class=\"wp-show-posts-read-more\" href=\"https:\/\/ies9009-infd.mendoza.edu.ar\/sitio\/taller-la-web-2-0-y-la-robotica-como-puente-para-inclusion\/\">Leer m\u00e1s...<\/a><\/div><\/div><!-- wp-show-posts-inner --><\/article><article class=\" wp-show-posts-single post-3937 post type-post status-publish format-standard hentry category-jefatura-de-investigacion tag-investigacion wpsp-col-20\" itemtype=\"http:\/\/schema.org\/CreativeWork\" itemscope><div class=\"wp-show-posts-inner\" style=\"\">\t\t\t\t\t\t<header class=\"wp-show-posts-entry-header\">\n\t\t\t\t\t\t\t<h5 class=\"wp-show-posts-entry-title\" itemprop=\"headline\"><a href=\"https:\/\/ies9009-infd.mendoza.edu.ar\/sitio\/investigacion-institucional-paisaje-cultural-de-tupungato-la-vinculacion-con-el-agua-y-la-montana-desde-una-perspectiva-turistica-aprobada-por-fonietp-inet\/\" rel=\"bookmark\">Investigaci\u00f3n Institucional: \u00abPAISAJE CULTURAL DE TUPUNGATO. LA VINCULACI\u00d3N CON EL AGUA Y LA MONTA\u00d1A, DESDE UNA PERSPECTIVA TUR\u00cdSTICA\u00bb (Aprobada por FONIETP-INET)<\/a><\/h5><div class=\"wp-show-posts-entry-meta wp-show-posts-entry-meta-below-title post-meta-inline\"><span class=\"wp-show-posts-posted-on wp-show-posts-meta\">\n\t\t\t\t\t<a href=\"https:\/\/ies9009-infd.mendoza.edu.ar\/sitio\/investigacion-institucional-paisaje-cultural-de-tupungato-la-vinculacion-con-el-agua-y-la-montana-desde-una-perspectiva-turistica-aprobada-por-fonietp-inet\/\" title=\"5:04 pm\" rel=\"bookmark\"><time class=\"wp-show-posts-entry-date published\" datetime=\"2018-11-30T17:04:14-03:00\" itemprop=\"datePublished\">30 noviembre, 2018<\/time><time class=\"wp-show-posts-updated\" datetime=\"2020-02-21T14:57:32-03:00\" itemprop=\"dateModified\">21 febrero, 2020<\/time><\/a>\n\t\t\t\t<\/span><\/div>\t\t\t\t\t\t<\/header><!-- .entry-header -->\n\t\t\t\t\t\t\t\t\t\t\t<div class=\"wp-show-posts-entry-summary\" itemprop=\"text\">\n\t\t\t\t\t\t\t<p>En el marco de esta investigaci\u00f3n, se llev\u00f3 a cabo salida de campo al sitio de Tupungato en zona cordillerana, denominado \u00abLa Quebrada del C\u00f3ndor\u00bb (Distrito La Carrera). Se realiz\u00f3:&#8230;<\/p>\n\t\t\t\t\t\t<\/div><!-- .entry-summary -->\n\t\t\t\t\t<div class=\"wpsp-read-more\"><a title=\"Investigaci\u00f3n Institucional: \u00abPAISAJE CULTURAL DE TUPUNGATO. LA VINCULACI\u00d3N CON EL AGUA Y LA MONTA\u00d1A, DESDE UNA PERSPECTIVA TUR\u00cdSTICA\u00bb (Aprobada por FONIETP-INET)\" class=\"wp-show-posts-read-more\" href=\"https:\/\/ies9009-infd.mendoza.edu.ar\/sitio\/investigacion-institucional-paisaje-cultural-de-tupungato-la-vinculacion-con-el-agua-y-la-montana-desde-una-perspectiva-turistica-aprobada-por-fonietp-inet\/\">Leer m\u00e1s...<\/a><\/div><\/div><!-- wp-show-posts-inner --><\/article><article class=\" wp-show-posts-single post-3935 post type-post status-publish format-standard hentry category-jefatura-de-investigacion tag-investigacion wpsp-col-20\" itemtype=\"http:\/\/schema.org\/CreativeWork\" itemscope><div class=\"wp-show-posts-inner\" style=\"\">\t\t\t\t\t\t<header class=\"wp-show-posts-entry-header\">\n\t\t\t\t\t\t\t<h5 class=\"wp-show-posts-entry-title\" itemprop=\"headline\"><a href=\"https:\/\/ies9009-infd.mendoza.edu.ar\/sitio\/investigacion-el-campo-de-las-practicas-en-la-formacion-docente-inicial\/\" rel=\"bookmark\">INVESTIGACI\u00d3N \u00abEL CAMPO DE LAS PR\u00c1CTICAS EN LA FORMACI\u00d3N DOCENTE INICIAL\u00bb<\/a><\/h5><div class=\"wp-show-posts-entry-meta wp-show-posts-entry-meta-below-title post-meta-inline\"><span class=\"wp-show-posts-posted-on wp-show-posts-meta\">\n\t\t\t\t\t<a href=\"https:\/\/ies9009-infd.mendoza.edu.ar\/sitio\/investigacion-el-campo-de-las-practicas-en-la-formacion-docente-inicial\/\" title=\"5:01 pm\" rel=\"bookmark\"><time class=\"wp-show-posts-entry-date published\" datetime=\"2018-11-30T17:01:26-03:00\" itemprop=\"datePublished\">30 noviembre, 2018<\/time><time class=\"wp-show-posts-updated\" datetime=\"2020-02-21T14:57:32-03:00\" itemprop=\"dateModified\">21 febrero, 2020<\/time><\/a>\n\t\t\t\t<\/span><\/div>\t\t\t\t\t\t<\/header><!-- .entry-header -->\n\t\t\t\t\t\t\t\t\t\t\t<div class=\"wp-show-posts-entry-summary\" itemprop=\"text\">\n\t\t\t\t\t\t\t<p>En el marco del IV ENCUENTRO ESTUDIO NACIONAL 2017\u20132018 \u00abEl campo de las pr\u00e1cticas en la formaci\u00f3n docente inicial\u201d organizado por el INFOD. El equipo Provincial del IES 9-009 particip\u00f3&#8230;<\/p>\n\t\t\t\t\t\t<\/div><!-- .entry-summary -->\n\t\t\t\t\t<div class=\"wpsp-read-more\"><a title=\"INVESTIGACI\u00d3N \u00abEL CAMPO DE LAS PR\u00c1CTICAS EN LA FORMACI\u00d3N DOCENTE INICIAL\u00bb\" class=\"wp-show-posts-read-more\" href=\"https:\/\/ies9009-infd.mendoza.edu.ar\/sitio\/investigacion-el-campo-de-las-practicas-en-la-formacion-docente-inicial\/\">Leer m\u00e1s...<\/a><\/div><\/div><!-- wp-show-posts-inner --><\/article><article class=\" wp-show-posts-single post-3876 post type-post status-publish format-standard hentry category-jefatura-de-investigacion tag-investigacion wpsp-col-20\" itemtype=\"http:\/\/schema.org\/CreativeWork\" itemscope><div class=\"wp-show-posts-inner\" style=\"\">\t\t\t\t\t\t<header class=\"wp-show-posts-entry-header\">\n\t\t\t\t\t\t\t<h5 class=\"wp-show-posts-entry-title\" itemprop=\"headline\"><a href=\"https:\/\/ies9009-infd.mendoza.edu.ar\/sitio\/publicacion-del-v-encuentro-iberoamericano-de-gestion-del-patrimonio\/\" rel=\"bookmark\">Publicaci\u00f3n del V Encuentro Iberoamericano de Gesti\u00f3n del Patrimonio<\/a><\/h5><div class=\"wp-show-posts-entry-meta wp-show-posts-entry-meta-below-title post-meta-inline\"><span class=\"wp-show-posts-posted-on wp-show-posts-meta\">\n\t\t\t\t\t<a href=\"https:\/\/ies9009-infd.mendoza.edu.ar\/sitio\/publicacion-del-v-encuentro-iberoamericano-de-gestion-del-patrimonio\/\" title=\"10:09 pm\" rel=\"bookmark\"><time class=\"wp-show-posts-entry-date published\" datetime=\"2018-11-20T22:09:27-03:00\" itemprop=\"datePublished\">20 noviembre, 2018<\/time><time class=\"wp-show-posts-updated\" datetime=\"2020-02-21T14:57:32-03:00\" itemprop=\"dateModified\">21 febrero, 2020<\/time><\/a>\n\t\t\t\t<\/span><\/div>\t\t\t\t\t\t<\/header><!-- .entry-header -->\n\t\t\t\t\t\t\t\t\t\t\t<div class=\"wp-show-posts-entry-summary\" itemprop=\"text\">\n\t\t\t\t\t\t\t<p>Los trabajos que se presentan en esta obra fueron sometidos a revisi\u00f3n por pares acad\u00e9micos. La obra completa:\u00a0\u201cGesti\u00f3n del patrimonio. Paisajes Culturales y participaci\u00f3n ciudadana\u201d\u00a0(A\u00f1o 2018, Comisi\u00f3n del Patrimonio Cultural&#8230;<\/p>\n\t\t\t\t\t\t<\/div><!-- .entry-summary -->\n\t\t\t\t\t<div class=\"wpsp-read-more\"><a title=\"Publicaci\u00f3n del V Encuentro Iberoamericano de Gesti\u00f3n del Patrimonio\" class=\"wp-show-posts-read-more\" href=\"https:\/\/ies9009-infd.mendoza.edu.ar\/sitio\/publicacion-del-v-encuentro-iberoamericano-de-gestion-del-patrimonio\/\">Leer m\u00e1s...<\/a><\/div><\/div><!-- wp-show-posts-inner --><\/article><article class=\" wp-show-posts-single post-1229 post type-post status-publish format-standard hentry category-jefatura-de-investigacion wpsp-col-20\" itemtype=\"http:\/\/schema.org\/CreativeWork\" itemscope><div class=\"wp-show-posts-inner\" style=\"\">\t\t\t\t\t\t<header class=\"wp-show-posts-entry-header\">\n\t\t\t\t\t\t\t<h5 class=\"wp-show-posts-entry-title\" itemprop=\"headline\"><a href=\"https:\/\/ies9009-infd.mendoza.edu.ar\/sitio\/el-campo-de-las-practicas-en-la-formacion-docente-inicial\/\" rel=\"bookmark\">EL CAMPO DE LAS PR\u00c1CTICAS EN LA FORMACI\u00d3N DOCENTE INICIAL<\/a><\/h5><div class=\"wp-show-posts-entry-meta wp-show-posts-entry-meta-below-title post-meta-inline\"><span class=\"wp-show-posts-posted-on wp-show-posts-meta\">\n\t\t\t\t\t<a href=\"https:\/\/ies9009-infd.mendoza.edu.ar\/sitio\/el-campo-de-las-practicas-en-la-formacion-docente-inicial\/\" title=\"12:17 am\" rel=\"bookmark\"><time class=\"wp-show-posts-entry-date published\" datetime=\"2018-06-22T00:17:31-03:00\" itemprop=\"datePublished\">22 junio, 2018<\/time><time class=\"wp-show-posts-updated\" datetime=\"2020-02-21T14:57:32-03:00\" itemprop=\"dateModified\">21 febrero, 2020<\/time><\/a>\n\t\t\t\t<\/span><\/div>\t\t\t\t\t\t<\/header><!-- .entry-header -->\n\t\t\t\t\t\t\t\t\t\t\t<div class=\"wp-show-posts-entry-summary\" itemprop=\"text\">\n\t\t\t\t\t\t\t<p>Se realiz\u00f3 el Encuentro Regional de Asistencia T\u00e9cnica, en el marco de la Investigaci\u00f3n Nacional \u00abEl Campo de las Pr\u00e1cticas en la Formaci\u00f3n Docente Inicial\u00bb. El mismo se realiz\u00f3 en&#8230;<\/p>\n\t\t\t\t\t\t<\/div><!-- .entry-summary -->\n\t\t\t\t\t<div class=\"wpsp-read-more\"><a title=\"EL CAMPO DE LAS PR\u00c1CTICAS EN LA FORMACI\u00d3N DOCENTE INICIAL\" class=\"wp-show-posts-read-more\" href=\"https:\/\/ies9009-infd.mendoza.edu.ar\/sitio\/el-campo-de-las-practicas-en-la-formacion-docente-inicial\/\">Leer m\u00e1s...<\/a><\/div><\/div><!-- wp-show-posts-inner --><\/article><div class=\"wpsp-clear\"><\/div><\/section><!-- .wp-show-posts -->","protected":false},"excerpt":{"rendered":"<p>Finalidad En primer lugar nos preguntamos por el lugar y el sentido de la investigaci\u00f3n en nuestra instituci\u00f3n. A partir de dicho cuestionamiento entendemos la investigaci\u00f3n como un acto de conocimiento y de transformaci\u00f3n. Investigamos para conocer y transformar. Para conocer lo que somos y la realidad que nos rodea, para cambiar nuestro modo de &#8230; <a title=\"EL CAMPO DE LAS PR\u00c1CTICAS EN LA FORMACI\u00d3N DOCENTE INICIAL\" class=\"read-more\" href=\"https:\/\/ies9009-infd.mendoza.edu.ar\/sitio\/el-campo-de-las-practicas-en-la-formacion-docente-inicial\/\" aria-label=\"More on EL CAMPO DE LAS PR\u00c1CTICAS EN LA FORMACI\u00d3N DOCENTE INICIAL\">[+]<\/a><\/p>\n","protected":false},"author":1635,"featured_media":0,"parent":2133,"menu_order":0,"comment_status":"closed","ping_status":"closed","template":"","meta":[],"acf":[],"_links":{"self":[{"href":"https:\/\/ies9009-infd.mendoza.edu.ar\/sitio\/wp-json\/wp\/v2\/pages\/2140"}],"collection":[{"href":"https:\/\/ies9009-infd.mendoza.edu.ar\/sitio\/wp-json\/wp\/v2\/pages"}],"about":[{"href":"https:\/\/ies9009-infd.mendoza.edu.ar\/sitio\/wp-json\/wp\/v2\/types\/page"}],"author":[{"embeddable":true,"href":"https:\/\/ies9009-infd.mendoza.edu.ar\/sitio\/wp-json\/wp\/v2\/users\/1635"}],"replies":[{"embeddable":true,"href":"https:\/\/ies9009-infd.mendoza.edu.ar\/sitio\/wp-json\/wp\/v2\/comments?post=2140"}],"version-history":[{"count":13,"href":"https:\/\/ies9009-infd.mendoza.edu.ar\/sitio\/wp-json\/wp\/v2\/pages\/2140\/revisions"}],"predecessor-version":[{"id":9607,"href":"https:\/\/ies9009-infd.mendoza.edu.ar\/sitio\/wp-json\/wp\/v2\/pages\/2140\/revisions\/9607"}],"up":[{"embeddable":true,"href":"https:\/\/ies9009-infd.mendoza.edu.ar\/sitio\/wp-json\/wp\/v2\/pages\/2133"}],"wp:attachment":[{"href":"https:\/\/ies9009-infd.mendoza.edu.ar\/sitio\/wp-json\/wp\/v2\/media?parent=2140"}],"curies":[{"name":"wp","href":"https:\/\/api.w.org\/{rel}","templated":true}]}}