{"id":2168,"date":"2018-06-29T17:57:07","date_gmt":"2018-06-29T20:57:07","guid":{"rendered":"https:\/\/ies9009-mza.infd.edu.ar\/sitio\/requisitos-de-inscripcion\/"},"modified":"2022-09-15T16:48:03","modified_gmt":"2022-09-15T19:48:03","slug":"requisitos-de-inscripcion","status":"publish","type":"page","link":"https:\/\/ies9009-infd.mendoza.edu.ar\/sitio\/inicio\/requisitos-de-inscripcion\/","title":{"rendered":"Estudiantes"},"content":{"rendered":"\n<div class=\"wp-block-group\"><div class=\"wp-block-group__inner-container is-layout-flow\">\n<div class=\"container-wrapper-genially\" style=\"position: relative; min-height: 400px; max-width: 60%;\"><video class=\"loader-genially\" autoplay=\"autoplay\" loop=\"loop\" playsinline=\"playsInline\" muted=\"muted\" style=\"position: absolute;top: 45%;left: 50%;transform: translate(-50%, -50%);width: 80px;height: 80px;margin-bottom: 10%\"><source src=\"https:\/\/static.genial.ly\/resources\/panel-loader-low.mp4\" type=\"video\/mp4\">Your browser does not support the video tag.<\/video><div id=\"6311249621eb5d0011ca51f2\" class=\"genially-embed\" style=\"margin: 0px auto; position: relative; height: auto; width: 100%;\"><\/div><\/div><script>(function (d) { var js, id = \"genially-embed-js\", ref = d.getElementsByTagName(\"script\")[0]; if (d.getElementById(id)) { return; } js = d.createElement(\"script\"); js.id = id; js.async = true; js.src = \"https:\/\/view.genial.ly\/static\/embed\/embed.js\"; ref.parentNode.insertBefore(js, ref); }(document));<\/script>\n\n\n\n<div class=\"wp-block-columns is-layout-flex wp-container-2\">\n<div class=\"wp-block-column is-layout-flow\" style=\"flex-basis:100%\"><\/div>\n<\/div>\n\n\n<\/div><\/div>\n\n\n<div style=\"text-align: center;\"><span style=\"font-size: 10pt;\"><img decoding=\"async\" loading=\"lazy\" class=\"alignright\" src=\"https:\/\/encrypted-tbn0.gstatic.com\/images?q=tbn:ANd9GcRA4RVC0B0eBw1D6ukJMddlcWMEbqHVx-jZNrQrzDgps6b-CGkVog\" width=\"196\" height=\"143\" border=\"0\" \/><\/span><\/div>\n<h2>\u00a0<\/h2>\n<h2 style=\"text-align: left;\">Requisitos de inscripci\u00f3n<\/h2>\n<p style=\"text-align: left;\">Luego de inscribirse de modo on-line deber\u00e1 acercarse a la Sede correspondiente a su carrera para la presentaci\u00f3n de la documentaci\u00f3n requerida:<br \/>=&gt; DNI original y fotocopia legalizada.<br \/>=&gt; Partida de nacimiento original y fotocopia legalizada.<br \/>=&gt; T\u00edtulo secundario y anal\u00edtico original y fotocopia legalizada.<br \/>=&gt; Certificado de aptitud psicof\u00edsica y psicol\u00f3gico para estudios terciarios.<br \/>=&gt; 2 fotos carnet 4\u00d74.<br \/>=&gt; Contribuci\u00f3n cooperadora anual.<\/p>\n<p style=\"text-align: left;\">La inscripci\u00f3n como estudiante regular puede asumir provisoriamente el <strong>car\u00e1cter de condicional<\/strong> hasta tanto se complete la documentaci\u00f3n requerida, en el lapso del primer cuatrimestre de cursado. Quienes sean inscriptos como estudiantes regulares en car\u00e1cter de condicional tendr\u00e1n todos los derechos y obligaciones de un\/a estudiante regular; sin embargo, no podr\u00e1n acreditar unidades curriculares hasta tanto completen la documentaci\u00f3n exigida.<\/p>\n\n\n<p><\/p>\n\n\n\n<p><\/p>\n","protected":false},"excerpt":{"rendered":"<p>Your browser does not support the video tag. \u00a0 Requisitos de inscripci\u00f3n Luego de inscribirse de modo on-line deber\u00e1 acercarse a la Sede correspondiente a su carrera para la presentaci\u00f3n de la documentaci\u00f3n requerida:=&gt; DNI original y fotocopia legalizada.=&gt; Partida de nacimiento original y fotocopia legalizada.=&gt; T\u00edtulo secundario y anal\u00edtico original y fotocopia legalizada.=&gt; Certificado &#8230; <a title=\"Estudiantes\" class=\"read-more\" href=\"https:\/\/ies9009-infd.mendoza.edu.ar\/sitio\/inicio\/requisitos-de-inscripcion\/\" aria-label=\"More on Estudiantes\">[+]<\/a><\/p>\n","protected":false},"author":1635,"featured_media":0,"parent":286,"menu_order":0,"comment_status":"closed","ping_status":"closed","template":"","meta":[],"acf":[],"_links":{"self":[{"href":"https:\/\/ies9009-infd.mendoza.edu.ar\/sitio\/wp-json\/wp\/v2\/pages\/2168"}],"collection":[{"href":"https:\/\/ies9009-infd.mendoza.edu.ar\/sitio\/wp-json\/wp\/v2\/pages"}],"about":[{"href":"https:\/\/ies9009-infd.mendoza.edu.ar\/sitio\/wp-json\/wp\/v2\/types\/page"}],"author":[{"embeddable":true,"href":"https:\/\/ies9009-infd.mendoza.edu.ar\/sitio\/wp-json\/wp\/v2\/users\/1635"}],"replies":[{"embeddable":true,"href":"https:\/\/ies9009-infd.mendoza.edu.ar\/sitio\/wp-json\/wp\/v2\/comments?post=2168"}],"version-history":[{"count":33,"href":"https:\/\/ies9009-infd.mendoza.edu.ar\/sitio\/wp-json\/wp\/v2\/pages\/2168\/revisions"}],"predecessor-version":[{"id":8266,"href":"https:\/\/ies9009-infd.mendoza.edu.ar\/sitio\/wp-json\/wp\/v2\/pages\/2168\/revisions\/8266"}],"up":[{"embeddable":true,"href":"https:\/\/ies9009-infd.mendoza.edu.ar\/sitio\/wp-json\/wp\/v2\/pages\/286"}],"wp:attachment":[{"href":"https:\/\/ies9009-infd.mendoza.edu.ar\/sitio\/wp-json\/wp\/v2\/media?parent=2168"}],"curies":[{"name":"wp","href":"https:\/\/api.w.org\/{rel}","templated":true}]}}