{"id":2173,"date":"2018-07-26T14:09:59","date_gmt":"2018-07-26T17:09:59","guid":{"rendered":"https:\/\/ies9009-mza.infd.edu.ar\/sitio\/?page_id=2173"},"modified":"2018-08-06T08:48:11","modified_gmt":"2018-08-06T11:48:11","slug":"jefatura-de-extension-y-capacitacion","status":"publish","type":"page","link":"https:\/\/ies9009-infd.mendoza.edu.ar\/sitio\/inicio\/cargos-unipersonales-de-gestion\/jefatura-de-extension-y-capacitacion\/","title":{"rendered":"Jefatura de Extensi\u00f3n y Capacitaci\u00f3n"},"content":{"rendered":"<h3>Finalidad<\/h3>\n<h3><img decoding=\"async\" loading=\"lazy\" class=\"alignright\" src=\"http:\/\/consultorabl.com.ar\/wp-content\/uploads\/2018\/05\/Capacitaciones-1.jpg\" width=\"409\" height=\"227\" \/><\/h3>\n<p><span id=\"yui_3_13_0_ym1_1_1387425261063_7900\" lang=\"ES-MX\">El Instituto al ser parte del sistema formador,\u00a0debe dar respuestas a las demandas del sistema y realimentar de esta manera la formaci\u00f3n inicial. <\/span><span id=\"yui_3_13_0_ym1_1_1387425261063_7891\" lang=\"ES-TRAD\">Por ello, las<strong>\u00a0<\/strong><span id=\"yui_3_13_0_ym1_1_1387425261063_7890\">\u00a0l\u00edneas de acci\u00f3n de esta Jefatura,\u00a0<strong id=\"yui_3_13_0_ym1_1_1387425261063_7889\">tienen por eje central a la vinculaci\u00f3n, entendi\u00e9ndola como \u201c<\/strong><\/span><\/span><em id=\"yui_3_13_0_ym1_1_1387425261063_7886\"><span id=\"yui_3_13_0_ym1_1_1387425261063_7885\" lang=\"ES-AR\"><strong id=\"yui_3_13_0_ym1_1_1387425261063_7884\">un proceso permanente de interrelaci\u00f3n entre las actividades acad\u00e9micas y el quehacer de la sociedad en su conjunto, proceso que debe: aportar conocimientos, respuestas y soluciones a problemas y necesidades presentes y futuras de la sociedad; y orientar, retroalimentar y enriquecer los programas de formaci\u00f3n de recursos humanos, de investigaci\u00f3n y desarrollo tecnol\u00f3gico, y difusi\u00f3n de la cultu<\/strong><strong>ra<\/strong> (S\u00e1nchez, Claffey y Casta\u00f1eda, 1996; Pay\u00e1n y Avila, 1997)\u201d.<\/span><\/em><span lang=\"ES-AR\">\u00a0\u00a0<\/span><span id=\"yui_3_13_0_ym1_1_1387425261063_7912\">Esta articulaci\u00f3n comienza\u00a0desde dentro del instituto, favoreciendo la interacci\u00f3n de todos los actores institucionales, para luego construir v\u00ednculos con diversos sectores de la comunidad.<\/span><\/p>\n<p><span id=\"yui_3_13_0_ym1_1_1387425261063_7879\"><span id=\"yui_3_13_0_ym1_1_1387425261063_7883\" lang=\"ES-TRAD\">Es entonces, que existe un desaf\u00edo muy importante:\u00a0<strong id=\"yui_3_13_0_ym1_1_1387425261063_7916\">llevar adelante el trabajo en red y la constituci\u00f3n de comunidades de aprendizaje.<\/strong><\/span><\/span><\/p>\n<h3>Funciones<\/h3>\n<ul>\n<li>Fomentar el trabajo en equipo a fin de posibilitar el crecimiento de la Instituci\u00f3n hacia una verdadera comunidad de trabajo y estudio, a trav\u00e9s de reuniones peri\u00f3dicas o talleres en donde se facilite la comunicaci\u00f3n interpersonal entre profesores y alumnos atendiendo inquietudes y proponiendo acciones.<\/li>\n<li>Lograr que el Instituto (con su nuevo edificio y equipamiento) tenga una imagen institucional de peso, para que llegue a ser un referente de actividades educativas, tur\u00edsticas, culturales y sociales para toda la comunidad del departamento ( a corto plazo) y del Valle de Uco (a largo plazo), promoviendo estrategias orientadas al desarrollo social, cultural y educativo (talleres, exposiciones de artistas locales,de investigadores, etc.).<\/li>\n<li>Articular las funciones de extensi\u00f3n e investigaci\u00f3n, a fin de convertirlas en una herramienta valiosa, no s\u00f3lo para los docentes y alumnos sino tambi\u00e9n para toda la comunidad, realizando encuentros o entrevistas a fin de tener un contacto directo para asesorar a quienes lo requieran.<\/li>\n<li>Organizar las horas de extensi\u00f3n y estimular entre los Profesores con horas disponibles la creaci\u00f3n de cursos de capacitaci\u00f3n, actualizaci\u00f3n y\/o perfeccionamiento destinados a docentes, estudiantes , profesionales y en algunos casos para p\u00fablico en general.<\/li>\n<li>Fortalecer las relaciones con Instituciones ( Polimodales y Terciarios) del Valle de Uco , y con aquellas que ofrecen ofertas educativas similares, con extensi\u00f3n universitaria de otras universidades estatales o privadas, con la Subdirecci\u00f3n de Educaci\u00f3n y Prensa y Difusi\u00f3n de la Municipalidad de Tupungato.<\/li>\n<li>Continuar con la red de comunicaci\u00f3n v\u00eda internet establecida bajo el nombre Grupo IES 9-009, agregando a los alumnos y profesores de las nuevas carreras e invitando a participar a egresados.<\/li>\n<li>Alentar la participaci\u00f3n de los alumnos en proyectos de extensi\u00f3n, tales como pr\u00e1cticas en las escuelas y empresas relacionadas con los perfiles de los alumnos, feria de la oferta educativa, distintos eventos.<\/li>\n<li>Difundir dentro y fuera del Instituto las tareas organizadas por la Jefatura de Extensi\u00f3n (radio, televisi\u00f3n, internet, afiches, folleter\u00eda).<\/li>\n<li>Implementar estrategias de promoci\u00f3n de la oferta educativa que cubran las expectativas de la comunidad, que exista un mes fijo al a\u00f1o fijado en el calendario institucional ( por ejemplo setiembre) para realizar la feria de la oferta educativa del IES 9-009 y que poco a poco se transforme en un cl\u00e1sico.<\/li>\n<li>Realizar encuestas a la comunidad en general a fin de indagar qu\u00e9 ofertas de capacitaci\u00f3n son las que m\u00e1s se necesitan y a fin de evaluar el impacto de las ofertas ofrecidas.<\/li>\n<\/ul>\n<h3>Archivos de trabajo<\/h3>\n<ul>\n<li><strong><a title=\"Formato de proyectos de extensi\u00f3n 2018\" href=\"https:\/\/ies9009-infd.mendoza.edu.ar\/sitio\/upload\/Formato_Proyecto_extension-capacitacion_2018.docx\" target=\"_blank\" rel=\"noopener\">Formato para Proyectos de Extensi\u00f3n<\/a><\/strong><\/li>\n<\/ul>\n<h3>Actividades<\/h3>\n<style>.wp-show-posts-columns#wpsp-3281 {margin-left: -2em; }.wp-show-posts-columns#wpsp-3281 .wp-show-posts-inner {margin: 0 0 2em 2em; }<\/style><section id=\"wpsp-3281\" class=\" wp-show-posts-columns wp-show-posts\" style=\"\"><article class=\" wp-show-posts-single post-7761 post type-post status-publish format-standard has-post-thumbnail hentry category-agronomia category-jefatura-de-extension category-unidad-academica-agrelo tag-ganaderia wpsp-col-20\" itemtype=\"http:\/\/schema.org\/CreativeWork\" itemscope><div class=\"wp-show-posts-inner\" style=\"\">\t\t\t\t\t\t<header class=\"wp-show-posts-entry-header\">\n\t\t\t\t\t\t\t<h5 class=\"wp-show-posts-entry-title\" itemprop=\"headline\"><a href=\"https:\/\/ies9009-infd.mendoza.edu.ar\/sitio\/charla-experiencia-en-ganaderia\/\" rel=\"bookmark\">Charla \u00abExperiencia en ganader\u00eda\u00bb<\/a><\/h5><div class=\"wp-show-posts-entry-meta wp-show-posts-entry-meta-below-title post-meta-inline\"><span class=\"wp-show-posts-posted-on wp-show-posts-meta\">\n\t\t\t\t\t<a href=\"https:\/\/ies9009-infd.mendoza.edu.ar\/sitio\/charla-experiencia-en-ganaderia\/\" title=\"12:50 am\" rel=\"bookmark\"><time class=\"wp-show-posts-entry-date published\" datetime=\"2022-06-22T00:50:00-03:00\" itemprop=\"datePublished\">22 junio, 2022<\/time><time class=\"wp-show-posts-updated\" datetime=\"2022-06-23T01:10:57-03:00\" itemprop=\"dateModified\">23 junio, 2022<\/time><\/a>\n\t\t\t\t<\/span><\/div>\t\t\t\t\t\t<\/header><!-- .entry-header -->\n\t\t\t\t\t\t\t<div class=\"wp-show-posts-image  wpsp-image-center \">\n\t\t\t<a href=\"https:\/\/ies9009-infd.mendoza.edu.ar\/sitio\/charla-experiencia-en-ganaderia\/\"  title=\"Charla \u00abExperiencia en ganader\u00eda\u00bb\">\t\t\t\t\t<img src=\"https:\/\/ies9009-infd.mendoza.edu.ar\/sitio\/wp-content\/uploads\/2022\/06\/experienciaganadera-e1655957445681-500x500.jpeg\" alt=\"Charla \u00abExperiencia en ganader\u00eda\u00bb\" itemprop=\"image\" class=\"center\" \/>\n\t\t\t\t<\/a>\t\t<\/div>\n\t\t\t\t\t\t\t\t<div class=\"wp-show-posts-entry-summary\" itemprop=\"text\">\n\t\t\t\t\t\t\t\t\t\t\t\t\t<\/div><!-- .entry-summary -->\n\t\t\t\t\t<div class=\"wpsp-read-more\"><a title=\"Charla \u00abExperiencia en ganader\u00eda\u00bb\" class=\"wp-show-posts-read-more\" href=\"https:\/\/ies9009-infd.mendoza.edu.ar\/sitio\/charla-experiencia-en-ganaderia\/\">Leer m\u00e1s...<\/a><\/div><\/div><!-- wp-show-posts-inner --><\/article><article class=\" wp-show-posts-single post-7764 post type-post status-publish format-standard has-post-thumbnail hentry category-agronomia category-jefatura-de-extension category-unidad-academica-agrelo tag-gestion-de-envases wpsp-col-20\" itemtype=\"http:\/\/schema.org\/CreativeWork\" itemscope><div class=\"wp-show-posts-inner\" style=\"\">\t\t\t\t\t\t<header class=\"wp-show-posts-entry-header\">\n\t\t\t\t\t\t\t<h5 class=\"wp-show-posts-entry-title\" itemprop=\"headline\"><a href=\"https:\/\/ies9009-infd.mendoza.edu.ar\/sitio\/charla-gestion-de-envases-vacios-de-fitosanitarios\/\" rel=\"bookmark\">Charla \u201cGesti\u00f3n de envases vac\u00edos de fitosanitarios\u201d<\/a><\/h5><div class=\"wp-show-posts-entry-meta wp-show-posts-entry-meta-below-title post-meta-inline\"><span class=\"wp-show-posts-posted-on wp-show-posts-meta\">\n\t\t\t\t\t<a href=\"https:\/\/ies9009-infd.mendoza.edu.ar\/sitio\/charla-gestion-de-envases-vacios-de-fitosanitarios\/\" title=\"12:55 am\" rel=\"bookmark\"><time class=\"wp-show-posts-entry-date published\" datetime=\"2022-06-13T00:55:00-03:00\" itemprop=\"datePublished\">13 junio, 2022<\/time><time class=\"wp-show-posts-updated\" datetime=\"2022-06-23T00:59:40-03:00\" itemprop=\"dateModified\">23 junio, 2022<\/time><\/a>\n\t\t\t\t<\/span><\/div>\t\t\t\t\t\t<\/header><!-- .entry-header -->\n\t\t\t\t\t\t\t<div class=\"wp-show-posts-image  wpsp-image-center \">\n\t\t\t<a href=\"https:\/\/ies9009-infd.mendoza.edu.ar\/sitio\/charla-gestion-de-envases-vacios-de-fitosanitarios\/\"  title=\"Charla \u201cGesti\u00f3n de envases vac\u00edos de fitosanitarios\u201d\">\t\t\t\t\t<img src=\"https:\/\/ies9009-infd.mendoza.edu.ar\/sitio\/wp-content\/uploads\/2022\/06\/charlagestionenvases-e1655956714890-500x500.jpeg\" alt=\"Charla \u201cGesti\u00f3n de envases vac\u00edos de fitosanitarios\u201d\" itemprop=\"image\" class=\"center\" \/>\n\t\t\t\t<\/a>\t\t<\/div>\n\t\t\t\t\t\t\t\t<div class=\"wp-show-posts-entry-summary\" itemprop=\"text\">\n\t\t\t\t\t\t\t<p>El lunes 13 de junio se realiz\u00f3 en forma presencial y gratuita, en la Unidad Acad\u00e9mica Agrelo del IES 9-009, una charla sobre la Gesti\u00f3n de envases vac\u00edos de fitosanitarios&#8230;.<\/p>\n\t\t\t\t\t\t<\/div><!-- .entry-summary -->\n\t\t\t\t\t<div class=\"wpsp-read-more\"><a title=\"Charla \u201cGesti\u00f3n de envases vac\u00edos de fitosanitarios\u201d\" class=\"wp-show-posts-read-more\" href=\"https:\/\/ies9009-infd.mendoza.edu.ar\/sitio\/charla-gestion-de-envases-vacios-de-fitosanitarios\/\">Leer m\u00e1s...<\/a><\/div><\/div><!-- wp-show-posts-inner --><\/article><article class=\" wp-show-posts-single post-7605 post type-post status-publish format-standard has-post-thumbnail hentry category-capacitaciones category-institucional category-jefatura-de-extension wpsp-col-20\" itemtype=\"http:\/\/schema.org\/CreativeWork\" itemscope><div class=\"wp-show-posts-inner\" style=\"\">\t\t\t\t\t\t<header class=\"wp-show-posts-entry-header\">\n\t\t\t\t\t\t\t<h5 class=\"wp-show-posts-entry-title\" itemprop=\"headline\"><a href=\"https:\/\/ies9009-infd.mendoza.edu.ar\/sitio\/charla-tiempo-es-cerebro\/\" rel=\"bookmark\">Charla \u00abTiempo es Cerebro\u00bb<\/a><\/h5><div class=\"wp-show-posts-entry-meta wp-show-posts-entry-meta-below-title post-meta-inline\"><span class=\"wp-show-posts-posted-on wp-show-posts-meta\">\n\t\t\t\t\t<a href=\"https:\/\/ies9009-infd.mendoza.edu.ar\/sitio\/charla-tiempo-es-cerebro\/\" title=\"9:59 am\" rel=\"bookmark\"><time class=\"wp-show-posts-entry-date published\" datetime=\"2022-05-26T09:59:01-03:00\" itemprop=\"datePublished\">26 mayo, 2022<\/time><time class=\"wp-show-posts-updated\" datetime=\"2022-05-26T09:59:02-03:00\" itemprop=\"dateModified\">26 mayo, 2022<\/time><\/a>\n\t\t\t\t<\/span><\/div>\t\t\t\t\t\t<\/header><!-- .entry-header -->\n\t\t\t\t\t\t\t<div class=\"wp-show-posts-image  wpsp-image-center \">\n\t\t\t<a href=\"https:\/\/ies9009-infd.mendoza.edu.ar\/sitio\/charla-tiempo-es-cerebro\/\"  title=\"Charla \u00abTiempo es Cerebro\u00bb\">\t\t\t\t\t<img src=\"https:\/\/ies9009-infd.mendoza.edu.ar\/sitio\/wp-content\/uploads\/2022\/05\/WhatsApp-Image-2022-05-21-at-2.04.05-PM-e1653569921967-500x500.jpeg\" alt=\"Charla \u00abTiempo es Cerebro\u00bb\" itemprop=\"image\" class=\"center\" \/>\n\t\t\t\t<\/a>\t\t<\/div>\n\t\t\t\t\t\t\t\t<div class=\"wp-show-posts-entry-summary\" itemprop=\"text\">\n\t\t\t\t\t\t\t<p>El pasado 21 de mayo se realiz\u00f3 la charla \u00abTiempo es Cerebro, sobre el ACV, su forma de prevenci\u00f3n y qu\u00e9 hacer ante este accidente\u00bb. Agradecemos a las autoridades del&#8230;<\/p>\n\t\t\t\t\t\t<\/div><!-- .entry-summary -->\n\t\t\t\t\t<div class=\"wpsp-read-more\"><a title=\"Charla \u00abTiempo es Cerebro\u00bb\" class=\"wp-show-posts-read-more\" href=\"https:\/\/ies9009-infd.mendoza.edu.ar\/sitio\/charla-tiempo-es-cerebro\/\">Leer m\u00e1s...<\/a><\/div><\/div><!-- wp-show-posts-inner --><\/article><article class=\" wp-show-posts-single post-7566 post type-post status-publish format-standard has-post-thumbnail hentry category-jefatura-de-extension category-turismo tag-educacion-y-trabajo wpsp-col-20\" itemtype=\"http:\/\/schema.org\/CreativeWork\" itemscope><div class=\"wp-show-posts-inner\" style=\"\">\t\t\t\t\t\t<header class=\"wp-show-posts-entry-header\">\n\t\t\t\t\t\t\t<h5 class=\"wp-show-posts-entry-title\" itemprop=\"headline\"><a href=\"https:\/\/ies9009-infd.mendoza.edu.ar\/sitio\/estudiantes-de-turismo-asistieron-al-primer-en-encuentro-de-un-ciclo-de-charlas-educacon-y-trabajo-comunicacion-afectiva\/\" rel=\"bookmark\">Estudiantes de Turismo asistieron al primer en encuentro de un Ciclo de Charlas: \u00abEducac\u00f3n y trabajo, comunicaci\u00f3n afectiva\u00bb.<\/a><\/h5><div class=\"wp-show-posts-entry-meta wp-show-posts-entry-meta-below-title post-meta-inline\"><span class=\"wp-show-posts-posted-on wp-show-posts-meta\">\n\t\t\t\t\t<a href=\"https:\/\/ies9009-infd.mendoza.edu.ar\/sitio\/estudiantes-de-turismo-asistieron-al-primer-en-encuentro-de-un-ciclo-de-charlas-educacon-y-trabajo-comunicacion-afectiva\/\" title=\"9:21 am\" rel=\"bookmark\"><time class=\"wp-show-posts-entry-date published\" datetime=\"2022-05-18T09:21:07-03:00\" itemprop=\"datePublished\">18 mayo, 2022<\/time><time class=\"wp-show-posts-updated\" datetime=\"2022-05-18T09:21:09-03:00\" itemprop=\"dateModified\">18 mayo, 2022<\/time><\/a>\n\t\t\t\t<\/span><\/div>\t\t\t\t\t\t<\/header><!-- .entry-header -->\n\t\t\t\t\t\t\t<div class=\"wp-show-posts-image  wpsp-image-center \">\n\t\t\t<a href=\"https:\/\/ies9009-infd.mendoza.edu.ar\/sitio\/estudiantes-de-turismo-asistieron-al-primer-en-encuentro-de-un-ciclo-de-charlas-educacon-y-trabajo-comunicacion-afectiva\/\"  title=\"Estudiantes de Turismo asistieron al primer en encuentro de un Ciclo de Charlas: \u00abEducac\u00f3n y trabajo, comunicaci\u00f3n afectiva\u00bb.\">\t\t\t\t\t<img src=\"https:\/\/ies9009-infd.mendoza.edu.ar\/sitio\/wp-content\/uploads\/2022\/05\/Ciclocharla4-500x500.jpeg\" alt=\"Estudiantes de Turismo asistieron al primer en encuentro de un Ciclo de Charlas: \u00abEducac\u00f3n y trabajo, comunicaci\u00f3n afectiva\u00bb.\" itemprop=\"image\" class=\"center\" \/>\n\t\t\t\t<\/a>\t\t<\/div>\n\t\t\t\t\t\t\t\t<div class=\"wp-show-posts-entry-summary\" itemprop=\"text\">\n\t\t\t\t\t\t\t<p>El d\u00eda 16 de mayo los estudiantes de la Tecnicatura Superior en Turismo y Hoteler\u00eda participaron de un primer encuentro de un \u201cCiclo de Charlas\u201d con el tema: Educaci\u00f3n y&#8230;<\/p>\n\t\t\t\t\t\t<\/div><!-- .entry-summary -->\n\t\t\t\t\t<div class=\"wpsp-read-more\"><a title=\"Estudiantes de Turismo asistieron al primer en encuentro de un Ciclo de Charlas: \u00abEducac\u00f3n y trabajo, comunicaci\u00f3n afectiva\u00bb.\" class=\"wp-show-posts-read-more\" href=\"https:\/\/ies9009-infd.mendoza.edu.ar\/sitio\/estudiantes-de-turismo-asistieron-al-primer-en-encuentro-de-un-ciclo-de-charlas-educacon-y-trabajo-comunicacion-afectiva\/\">Leer m\u00e1s...<\/a><\/div><\/div><!-- wp-show-posts-inner --><\/article><article class=\" wp-show-posts-single post-7561 post type-post status-publish format-standard has-post-thumbnail hentry category-jefatura-de-extension tag-acv tag-salud wpsp-col-20\" itemtype=\"http:\/\/schema.org\/CreativeWork\" itemscope><div class=\"wp-show-posts-inner\" style=\"\">\t\t\t\t\t\t<header class=\"wp-show-posts-entry-header\">\n\t\t\t\t\t\t\t<h5 class=\"wp-show-posts-entry-title\" itemprop=\"headline\"><a href=\"https:\/\/ies9009-infd.mendoza.edu.ar\/sitio\/tiempo-es-cerebro\/\" rel=\"bookmark\">Tiempo es cerebro. S\u00e1bado 21 de mayo 10:30hs.<\/a><\/h5><div class=\"wp-show-posts-entry-meta wp-show-posts-entry-meta-below-title post-meta-inline\"><span class=\"wp-show-posts-posted-on wp-show-posts-meta\">\n\t\t\t\t\t<a href=\"https:\/\/ies9009-infd.mendoza.edu.ar\/sitio\/tiempo-es-cerebro\/\" title=\"9:11 am\" rel=\"bookmark\"><time class=\"wp-show-posts-entry-date published\" datetime=\"2022-05-18T09:11:12-03:00\" itemprop=\"datePublished\">18 mayo, 2022<\/time><time class=\"wp-show-posts-updated\" datetime=\"2022-05-18T09:13:29-03:00\" itemprop=\"dateModified\">18 mayo, 2022<\/time><\/a>\n\t\t\t\t<\/span><\/div>\t\t\t\t\t\t<\/header><!-- .entry-header -->\n\t\t\t\t\t\t\t<div class=\"wp-show-posts-image  wpsp-image-center \">\n\t\t\t<a href=\"https:\/\/ies9009-infd.mendoza.edu.ar\/sitio\/tiempo-es-cerebro\/\"  title=\"Tiempo es cerebro. S\u00e1bado 21 de mayo 10:30hs.\">\t\t\t\t\t<img src=\"https:\/\/ies9009-infd.mendoza.edu.ar\/sitio\/wp-content\/uploads\/2022\/05\/ACV-500x500.jpeg\" alt=\"Tiempo es cerebro. S\u00e1bado 21 de mayo 10:30hs.\" itemprop=\"image\" class=\"center\" \/>\n\t\t\t\t<\/a>\t\t<\/div>\n\t\t\t\t\t\t\t\t<div class=\"wp-show-posts-entry-summary\" itemprop=\"text\">\n\t\t\t\t\t\t\t<p>Te invitamos a que conozcas todo sobre el ACV y puedas cuidarte a vos y a tu familia. Se agradece tu asistencia a la charla de prevenci\u00f3n del ACV indicando&#8230;<\/p>\n\t\t\t\t\t\t<\/div><!-- .entry-summary -->\n\t\t\t\t\t<div class=\"wpsp-read-more\"><a title=\"Tiempo es cerebro. S\u00e1bado 21 de mayo 10:30hs.\" class=\"wp-show-posts-read-more\" href=\"https:\/\/ies9009-infd.mendoza.edu.ar\/sitio\/tiempo-es-cerebro\/\">Leer m\u00e1s...<\/a><\/div><\/div><!-- wp-show-posts-inner --><\/article><div class=\"wpsp-clear\"><\/div><\/section><!-- .wp-show-posts -->\n","protected":false},"excerpt":{"rendered":"<p>Finalidad El Instituto al ser parte del sistema formador,\u00a0debe dar respuestas a las demandas del sistema y realimentar de esta manera la formaci\u00f3n inicial. Por ello, las\u00a0\u00a0l\u00edneas de acci\u00f3n de esta Jefatura,\u00a0tienen por eje central a la vinculaci\u00f3n, entendi\u00e9ndola como \u201cun proceso permanente de interrelaci\u00f3n entre las actividades acad\u00e9micas y el quehacer de la sociedad &#8230; <a title=\"Tiempo es cerebro. S\u00e1bado 21 de mayo 10:30hs.\" class=\"read-more\" href=\"https:\/\/ies9009-infd.mendoza.edu.ar\/sitio\/tiempo-es-cerebro\/\" aria-label=\"More on Tiempo es cerebro. S\u00e1bado 21 de mayo 10:30hs.\">[+]<\/a><\/p>\n","protected":false},"author":1635,"featured_media":0,"parent":2133,"menu_order":0,"comment_status":"closed","ping_status":"closed","template":"","meta":[],"acf":[],"_links":{"self":[{"href":"https:\/\/ies9009-infd.mendoza.edu.ar\/sitio\/wp-json\/wp\/v2\/pages\/2173"}],"collection":[{"href":"https:\/\/ies9009-infd.mendoza.edu.ar\/sitio\/wp-json\/wp\/v2\/pages"}],"about":[{"href":"https:\/\/ies9009-infd.mendoza.edu.ar\/sitio\/wp-json\/wp\/v2\/types\/page"}],"author":[{"embeddable":true,"href":"https:\/\/ies9009-infd.mendoza.edu.ar\/sitio\/wp-json\/wp\/v2\/users\/1635"}],"replies":[{"embeddable":true,"href":"https:\/\/ies9009-infd.mendoza.edu.ar\/sitio\/wp-json\/wp\/v2\/comments?post=2173"}],"version-history":[{"count":9,"href":"https:\/\/ies9009-infd.mendoza.edu.ar\/sitio\/wp-json\/wp\/v2\/pages\/2173\/revisions"}],"predecessor-version":[{"id":3294,"href":"https:\/\/ies9009-infd.mendoza.edu.ar\/sitio\/wp-json\/wp\/v2\/pages\/2173\/revisions\/3294"}],"up":[{"embeddable":true,"href":"https:\/\/ies9009-infd.mendoza.edu.ar\/sitio\/wp-json\/wp\/v2\/pages\/2133"}],"wp:attachment":[{"href":"https:\/\/ies9009-infd.mendoza.edu.ar\/sitio\/wp-json\/wp\/v2\/media?parent=2173"}],"curies":[{"name":"wp","href":"https:\/\/api.w.org\/{rel}","templated":true}]}}