{"id":2180,"date":"2018-06-29T17:57:13","date_gmt":"2018-06-29T20:57:13","guid":{"rendered":"https:\/\/ies9009-mza.infd.edu.ar\/sitio\/formularios-de-gestion-administrativa\/"},"modified":"2018-08-28T08:44:51","modified_gmt":"2018-08-28T11:44:51","slug":"formularios-de-gestion-administrativa","status":"publish","type":"page","link":"https:\/\/ies9009-infd.mendoza.edu.ar\/sitio\/inicio\/formularios-de-gestion-administrativa\/","title":{"rendered":"Normas y Formularios"},"content":{"rendered":"<h2>Normas Institucionales<\/h2>\n<ul>\n<li>RAM: R\u00e9gimen Acad\u00e9mico Marco de los Institutos de Educaci\u00f3n Superior Resoluci\u00f3n 258\/2012.<\/li>\n<li><a title=\"Nuevo RAI 2013\" href=\"https:\/\/ies9009-infd.mendoza.edu.ar\/sitio\/normas-institucionales\/upload\/RAI_2013_1.pdf\" target=\"_blank\" rel=\"noopener\">RA<\/a><a title=\"Nuevo RAI 2013\" href=\"https:\/\/ies9009-infd.mendoza.edu.ar\/sitio\/normas-institucionales\/upload\/RAI_2013_1.pdf\" target=\"_blank\" rel=\"noopener\">I<\/a>: El R\u00e9gimen Acad\u00e9mico Institucional (RAI) se aplica al Instituto de Educaci\u00f3n Superior 9-009, de Gesti\u00f3n Estatal, de Formaci\u00f3n Docente y T\u00e9cnica de la provincia de Mendoza, dependiente\u00a0de la Direcci\u00f3n de Educaci\u00f3n Superior, quien se constituye en la autoridad de aplicaci\u00f3n. Este R\u00e9gimen constituye una norma de cumplimiento obligatorio para el Instituto de Educaci\u00f3n Superior 9-009. El I.E.S 9-009 se regir\u00e1 por el presente RAI una vez que el mismo sea aprobado por la Direcci\u00f3n de Educaci\u00f3n Superior.<\/li>\n<\/ul>\n<h2>Formularios de Gesti\u00f3n Administrativa<\/h2>\n<ul>\n<li><a href=\"http:\/\/aplicaciones.mendoza.edu.ar\/declaracion\">Declaraci\u00f3n Jurada de Cargos:<\/a> accediendo a este enlace y al introducir el n\u00famero de CUIL podr\u00e1 descargar la declaraci\u00f3n de cargos.<\/li>\n<li><a href=\"http:\/\/www.mendoza.edu.ar\/download\/formulario-de-licencia\/\">Formulario de Licencia:<\/a> descarga de archivo con formulario de licencia.<\/li>\n<\/ul>\n<h2><strong>Estudiantes<\/strong><\/h2>\n<ul>\n<li><a href=\"https:\/\/ies9009-infd.mendoza.edu.ar\/sitio\/inicio\/requisitos-de-inscripcion\/\">Normativa para el ingreso<\/a><\/li>\n<li><a title=\"RES 19 CD -14 Sistema de cr\u00e9ditos\" href=\"upload\/RES_19-CD-14_Sistema_de_creditos.pdf\" target=\"_blank\" rel=\"noopener\">Sistema de cr\u00e9ditos (RES 19-CD-14)<\/a><\/li>\n<li><a title=\"RES Examen libre\" href=\"upload\/RES_examen_LIBRE.PDF\" target=\"_blank\" rel=\"noopener\">Examen libre (RES 17-CD-12)<\/a><\/li>\n<\/ul>\n","protected":false},"excerpt":{"rendered":"<p>Normas Institucionales RAM: R\u00e9gimen Acad\u00e9mico Marco de los Institutos de Educaci\u00f3n Superior Resoluci\u00f3n 258\/2012. RAI: El R\u00e9gimen Acad\u00e9mico Institucional (RAI) se aplica al Instituto de Educaci\u00f3n Superior 9-009, de Gesti\u00f3n Estatal, de Formaci\u00f3n Docente y T\u00e9cnica de la provincia de Mendoza, dependiente\u00a0de la Direcci\u00f3n de Educaci\u00f3n Superior, quien se constituye en la autoridad de aplicaci\u00f3n. &#8230; <a title=\"Normas y Formularios\" class=\"read-more\" href=\"https:\/\/ies9009-infd.mendoza.edu.ar\/sitio\/inicio\/formularios-de-gestion-administrativa\/\" aria-label=\"More on Normas y Formularios\">[+]<\/a><\/p>\n","protected":false},"author":1635,"featured_media":0,"parent":286,"menu_order":0,"comment_status":"closed","ping_status":"closed","template":"","meta":[],"acf":[],"_links":{"self":[{"href":"https:\/\/ies9009-infd.mendoza.edu.ar\/sitio\/wp-json\/wp\/v2\/pages\/2180"}],"collection":[{"href":"https:\/\/ies9009-infd.mendoza.edu.ar\/sitio\/wp-json\/wp\/v2\/pages"}],"about":[{"href":"https:\/\/ies9009-infd.mendoza.edu.ar\/sitio\/wp-json\/wp\/v2\/types\/page"}],"author":[{"embeddable":true,"href":"https:\/\/ies9009-infd.mendoza.edu.ar\/sitio\/wp-json\/wp\/v2\/users\/1635"}],"replies":[{"embeddable":true,"href":"https:\/\/ies9009-infd.mendoza.edu.ar\/sitio\/wp-json\/wp\/v2\/comments?post=2180"}],"version-history":[{"count":12,"href":"https:\/\/ies9009-infd.mendoza.edu.ar\/sitio\/wp-json\/wp\/v2\/pages\/2180\/revisions"}],"predecessor-version":[{"id":3537,"href":"https:\/\/ies9009-infd.mendoza.edu.ar\/sitio\/wp-json\/wp\/v2\/pages\/2180\/revisions\/3537"}],"up":[{"embeddable":true,"href":"https:\/\/ies9009-infd.mendoza.edu.ar\/sitio\/wp-json\/wp\/v2\/pages\/286"}],"wp:attachment":[{"href":"https:\/\/ies9009-infd.mendoza.edu.ar\/sitio\/wp-json\/wp\/v2\/media?parent=2180"}],"curies":[{"name":"wp","href":"https:\/\/api.w.org\/{rel}","templated":true}]}}