{"id":286,"date":"2016-10-31T13:17:59","date_gmt":"2016-10-31T16:17:59","guid":{"rendered":"https:\/\/ies9009-mza.infd.edu.ar\/sitio\/?page_id=286"},"modified":"2026-04-07T16:50:43","modified_gmt":"2026-04-07T19:50:43","slug":"inicio","status":"publish","type":"page","link":"https:\/\/ies9009-infd.mendoza.edu.ar\/sitio\/","title":{"rendered":"INICIO"},"content":{"rendered":"<div class=\"container-wrapper-genially\" style=\"position: relative; min-height: 400px; max-width: 100%;\"><video class=\"loader-genially\" style=\"position: absolute; top: 45%; left: 50%; transform: translate(-50%, -50%); width: 80px; height: 80px; margin-bottom: 10%;\" autoplay=\"autoplay\" loop=\"loop\" muted=\"muted\" width=\"300\" height=\"150\"><source src=\"https:\/\/static.genially.com\/resources\/loader-default-rebranding.mp4\" type=\"video\/mp4\" \/>Your browser does not support the video tag.<\/video><\/p>\n<div id=\"66562972a06bcb0014382c67\" class=\"genially-embed\" style=\"margin: 0px auto; position: relative; height: auto; width: 100%;\">\u00a0<\/div>\n<\/div>\n<p><script>(function (d) { var js, id = \"genially-embed-js\", ref = d.getElementsByTagName(\"script\")[0]; if (d.getElementById(id)) { return; } js = d.createElement(\"script\"); js.id = id; js.async = true; js.src = \"https:\/\/view.genially.com\/static\/embed\/embed.js\"; ref.parentNode.insertBefore(js, ref); }(document));<\/script><\/p>\n<div class=\"container-wrapper-genially\" style=\"position: relative; min-height: 400px; max-width: 100%;\"><video class=\"loader-genially\" style=\"position: absolute; top: 45%; left: 50%; transform: translate(-50%, -50%); width: 80px; height: 80px; margin-bottom: 10%;\" autoplay=\"autoplay\" loop=\"loop\" muted=\"muted\" width=\"300\" height=\"150\"><source src=\"https:\/\/static.genially.com\/resources\/loader-default-rebranding.mp4\" type=\"video\/mp4\" \/>Your browser does not support the video tag.<\/video><\/p>\n<div id=\"665741cf471c5400147ce3a5\" class=\"genially-embed\" style=\"margin: 0px auto; position: relative; height: auto; width: 100%;\">\u00a0<\/div>\n<\/div>\n<p><script>(function (d) { var js, id = \"genially-embed-js\", ref = d.getElementsByTagName(\"script\")[0]; if (d.getElementById(id)) { return; } js = d.createElement(\"script\"); js.id = id; js.async = true; js.src = \"https:\/\/view.genially.com\/static\/embed\/embed.js\"; ref.parentNode.insertBefore(js, ref); }(document));<\/script><\/p>\n<div class=\"container-wrapper-genially\" style=\"position: relative; min-height: 400px; max-width: 100%;\"><video class=\"loader-genially\" style=\"position: absolute; top: 45%; left: 50%; transform: translate(-50%, -50%); width: 80px; height: 80px; margin-bottom: 10%;\" autoplay=\"autoplay\" loop=\"loop\" muted=\"muted\" width=\"300\" height=\"150\"><source src=\"https:\/\/static.genially.com\/resources\/loader-default-rebranding.mp4\" type=\"video\/mp4\" \/>Your browser does not support the video tag.<\/video><\/p>\n<div id=\"67b4e117c320d1d4c54134b4\" class=\"genially-embed\" style=\"margin: 0px auto; position: relative; height: auto; width: 100%;\">\u00a0<\/div>\n<\/div>\n<p><script>(function (d) { var js, id = \"genially-embed-js\", ref = d.getElementsByTagName(\"script\")[0]; if (d.getElementById(id)) { return; } js = d.createElement(\"script\"); js.id = id; js.async = true; js.src = \"https:\/\/view.genially.com\/static\/embed\/embed.js\"; ref.parentNode.insertBefore(js, ref); }(document));<\/script><\/p>\n<div  class=\"lgc-column lgc-grid-parent lgc-grid-50 lgc-tablet-grid-50 lgc-mobile-grid-100 lgc-equal-heights \"><div  class=\"inside-grid-column\">\n<div class=\"container-wrapper-genially\" style=\"position: relative; min-height: 400px; max-width: 100%;\"><video class=\"loader-genially\" style=\"position: absolute; top: 45%; left: 50%; transform: translate(-50%, -50%); width: 80px; height: 80px; margin-bottom: 10%;\" autoplay=\"autoplay\" loop=\"loop\" muted=\"muted\" width=\"300\" height=\"150\" data-mce-fragment=\"1\"><source src=\"https:\/\/static.genial.ly\/resources\/loader-default.mp4\" type=\"video\/mp4\" \/>Your browser does not support the video tag.<\/video>\n<div id=\"65c681a62a881b00144f491d\" class=\"genially-embed\" style=\"margin: 0px auto; position: relative; height: auto; width: 100%;\">\u00a0<\/div>\n<\/div>\n<p><script>(function (d) { var js, id = \"genially-embed-js\", ref = d.getElementsByTagName(\"script\")[0]; if (d.getElementById(id)) { return; } js = d.createElement(\"script\"); js.id = id; js.async = true; js.src = \"https:\/\/view.genial.ly\/static\/embed\/embed.js\"; ref.parentNode.insertBefore(js, ref); }(document));<\/script><\/p><\/div><\/div><div  class=\"lgc-column lgc-grid-parent lgc-grid-50 lgc-tablet-grid-50 lgc-mobile-grid-100 lgc-equal-heights \"><div  class=\"inside-grid-column\">\n<div class=\"container-wrapper-genially\" style=\"position: relative; min-height: 400px; max-width: 100%;\"><video class=\"loader-genially\" style=\"position: absolute; top: 45%; left: 50%; transform: translate(-50%, -50%); width: 80px; height: 80px; margin-bottom: 10%;\" autoplay=\"autoplay\" loop=\"loop\" muted=\"muted\" width=\"300\" height=\"150\" data-mce-fragment=\"1\"><source src=\"https:\/\/static.genial.ly\/resources\/loader-default.mp4\" type=\"video\/mp4\" \/>Your browser does not support the video tag.<\/video>\n<div id=\"6317436a8d97e800108cde9d\" class=\"genially-embed\" style=\"margin: 0px auto; position: relative; height: auto; width: 100%;\">\u00a0<\/div>\n<\/div>\n<p><script>(function (d) { var js, id = \"genially-embed-js\", ref = d.getElementsByTagName(\"script\")[0]; if (d.getElementById(id)) { return; } js = d.createElement(\"script\"); js.id = id; js.async = true; js.src = \"https:\/\/view.genial.ly\/static\/embed\/embed.js\"; ref.parentNode.insertBefore(js, ref); }(document));<\/script><\/p><\/div><\/div><div class=\"lgc-clear\"><\/div>\n<div style=\"width: 100%;\">\n<div style=\"position: relative; padding-bottom: 41.67%; padding-top: 0; height: 0;\"><iframe loading=\"lazy\" style=\"position: absolute; top: 0; left: 0; width: 100%; height: 100%;\" title=\"Importante ayuda para perfeccionarte\" src=\"https:\/\/view.genially.com\/68d4382e167c2d1d1439b7c0\" width=\"1200\" height=\"500\" frameborder=\"0\" scrolling=\"yes\" allowfullscreen=\"allowfullscreen\"><\/iframe><\/div>\n<\/div>\n<p>.<\/p>\n<p>&nbsp;<\/p>\n<style>.wp-show-posts-columns#wpsp-383 {margin-left: -2em; }.wp-show-posts-columns#wpsp-383 .wp-show-posts-inner {margin: 0 0 2em 2em; }<\/style><section id=\"wpsp-383\" class=\" wp-show-posts-columns wp-show-posts\" style=\"\"><article class=\" wp-show-posts-single post-10018 post type-post status-publish format-standard hentry category-sin-categoria wpsp-col-3\" itemtype=\"http:\/\/schema.org\/CreativeWork\" itemscope><div class=\"wp-show-posts-inner\" style=\"\">\t\t\t\t\t\t<header class=\"wp-show-posts-entry-header\">\n\t\t\t\t\t\t\t<h5 class=\"wp-show-posts-entry-title\" itemprop=\"headline\"><a href=\"https:\/\/ies9009-infd.mendoza.edu.ar\/sitio\/concurso-de-titularizacion-2025\/\" rel=\"bookmark\">Concurso de titularizaci\u00f3n 2025<\/a><\/h5><div class=\"wp-show-posts-entry-meta wp-show-posts-entry-meta-below-title post-meta-inline\"><span class=\"wp-show-posts-posted-on wp-show-posts-meta\">\n\t\t\t\t\t<a href=\"https:\/\/ies9009-infd.mendoza.edu.ar\/sitio\/concurso-de-titularizacion-2025\/\" title=\"3:07 pm\" rel=\"bookmark\"><time class=\"wp-show-posts-entry-date published\" datetime=\"2025-02-26T15:07:19-03:00\" itemprop=\"datePublished\">26 febrero, 2025<\/time><time class=\"wp-show-posts-updated\" datetime=\"2025-02-26T15:07:20-03:00\" itemprop=\"dateModified\">26 febrero, 2025<\/time><\/a>\n\t\t\t\t<\/span><\/div>\t\t\t\t\t\t<\/header><!-- .entry-header -->\n\t\t\t\t\t\t\t\t\t\t\t<div class=\"wp-show-posts-entry-summary\" itemprop=\"text\">\n\t\t\t\t\t\t\t<p>A partir de febrero 2025 se implementar\u00e1n concursos p\u00fablicos y abiertos de t\u00edtulos, antecedentes y oposici\u00f3n para titularizar cargos de Secretario, Bedel\/ Preceptor como experiencia piloto en cuatro instituciones de&#8230;<\/p>\n\t\t\t\t\t\t<\/div><!-- .entry-summary -->\n\t\t\t\t\t<div class=\"wpsp-read-more\"><a title=\"Concurso de titularizaci\u00f3n 2025\" class=\"wp-show-posts-read-more\" href=\"https:\/\/ies9009-infd.mendoza.edu.ar\/sitio\/concurso-de-titularizacion-2025\/\">Leer m\u00e1s...<\/a><\/div><\/div><!-- wp-show-posts-inner --><\/article><article class=\" wp-show-posts-single post-10013 post type-post status-publish format-standard has-post-thumbnail hentry category-institucional category-sin-categoria wpsp-col-3\" itemtype=\"http:\/\/schema.org\/CreativeWork\" itemscope><div class=\"wp-show-posts-inner\" style=\"\">\t\t\t\t\t\t<header class=\"wp-show-posts-entry-header\">\n\t\t\t\t\t\t\t<h5 class=\"wp-show-posts-entry-title\" itemprop=\"headline\"><a href=\"https:\/\/ies9009-infd.mendoza.edu.ar\/sitio\/segunda-instancia-de-inscripciones\/\" rel=\"bookmark\">Segunda Instancia de Inscripciones<\/a><\/h5><div class=\"wp-show-posts-entry-meta wp-show-posts-entry-meta-below-title post-meta-inline\"><span class=\"wp-show-posts-posted-on wp-show-posts-meta\">\n\t\t\t\t\t<a href=\"https:\/\/ies9009-infd.mendoza.edu.ar\/sitio\/segunda-instancia-de-inscripciones\/\" title=\"12:02 pm\" rel=\"bookmark\"><time class=\"wp-show-posts-entry-date published\" datetime=\"2025-02-26T12:02:52-03:00\" itemprop=\"datePublished\">26 febrero, 2025<\/time><time class=\"wp-show-posts-updated\" datetime=\"2025-02-26T15:19:05-03:00\" itemprop=\"dateModified\">26 febrero, 2025<\/time><\/a>\n\t\t\t\t<\/span><\/div>\t\t\t\t\t\t<\/header><!-- .entry-header -->\n\t\t\t\t\t\t\t<div class=\"wp-show-posts-image  wpsp-image-center \">\n\t\t\t<a href=\"https:\/\/ies9009-infd.mendoza.edu.ar\/sitio\/segunda-instancia-de-inscripciones\/\"  title=\"Segunda Instancia de Inscripciones\">\t\t\t\t\t<img src=\"https:\/\/ies9009-infd.mendoza.edu.ar\/sitio\/wp-content\/uploads\/2025\/02\/carreras-2025-500x500.jpg\" alt=\"Segunda Instancia de Inscripciones\" itemprop=\"image\" class=\"center\" \/>\n\t\t\t\t<\/a>\t\t<\/div>\n\t\t\t\t\t\t\t\t<div class=\"wp-show-posts-entry-summary\" itemprop=\"text\">\n\t\t\t\t\t\t\t<p>&#x1f4e2; Segunda instancia de inscripciones &#x1f913; Instancias obligatorias: &#x2705; Completar de manera online el formulario de INSCRIPCI\u00d3N: https:\/\/forms.gle\/4GcdrsmrgdvGFjZH9 &#x2705; Presentar la documentaci\u00f3n de manera presencial a los preceptores de cada&#8230;<\/p>\n\t\t\t\t\t\t<\/div><!-- .entry-summary -->\n\t\t\t\t\t<div class=\"wpsp-read-more\"><a title=\"Segunda Instancia de Inscripciones\" class=\"wp-show-posts-read-more\" href=\"https:\/\/ies9009-infd.mendoza.edu.ar\/sitio\/segunda-instancia-de-inscripciones\/\">Leer m\u00e1s...<\/a><\/div><\/div><!-- wp-show-posts-inner --><\/article><article class=\" wp-show-posts-single post-9328 post type-post status-publish format-standard hentry category-sin-categoria wpsp-col-3\" itemtype=\"http:\/\/schema.org\/CreativeWork\" itemscope><div class=\"wp-show-posts-inner\" style=\"\">\t\t\t\t\t\t<header class=\"wp-show-posts-entry-header\">\n\t\t\t\t\t\t\t<h5 class=\"wp-show-posts-entry-title\" itemprop=\"headline\"><a href=\"https:\/\/ies9009-infd.mendoza.edu.ar\/sitio\/orden-de-merito-2024-provisorio\/\" rel=\"bookmark\">ORDEN GENERAL DE M\u00c9RITOS 2024 PROVISORIO<\/a><\/h5><div class=\"wp-show-posts-entry-meta wp-show-posts-entry-meta-below-title post-meta-inline\"><span class=\"wp-show-posts-posted-on wp-show-posts-meta\">\n\t\t\t\t\t<a href=\"https:\/\/ies9009-infd.mendoza.edu.ar\/sitio\/orden-de-merito-2024-provisorio\/\" title=\"9:41 am\" rel=\"bookmark\"><time class=\"wp-show-posts-entry-date published\" datetime=\"2024-02-23T09:41:54-03:00\" itemprop=\"datePublished\">23 febrero, 2024<\/time><time class=\"wp-show-posts-updated\" datetime=\"2024-02-23T09:48:07-03:00\" itemprop=\"dateModified\">23 febrero, 2024<\/time><\/a>\n\t\t\t\t<\/span><\/div>\t\t\t\t\t\t<\/header><!-- .entry-header -->\n\t\t\t\t\t\t\t\t\t\t\t<div class=\"wp-show-posts-entry-summary\" itemprop=\"text\">\n\t\t\t\t\t\t\t<p>Se encuentra disponible el Orden General de M\u00e9ritos PROVISORIO 2024 para que todo el personal docente pueda revisarlo y solicitar modificaciones en caso necesario. Las modificaciones deber\u00e1n ingresar con nota&#8230;<\/p>\n\t\t\t\t\t\t<\/div><!-- .entry-summary -->\n\t\t\t\t\t<div class=\"wpsp-read-more\"><a title=\"ORDEN GENERAL DE M\u00c9RITOS 2024 PROVISORIO\" class=\"wp-show-posts-read-more\" href=\"https:\/\/ies9009-infd.mendoza.edu.ar\/sitio\/orden-de-merito-2024-provisorio\/\">Leer m\u00e1s...<\/a><\/div><\/div><!-- wp-show-posts-inner --><\/article><article class=\" wp-show-posts-single post-9313 post type-post status-publish format-standard hentry category-sin-categoria wpsp-col-3\" itemtype=\"http:\/\/schema.org\/CreativeWork\" itemscope><div class=\"wp-show-posts-inner\" style=\"\">\t\t\t\t\t\t<header class=\"wp-show-posts-entry-header\">\n\t\t\t\t\t\t\t<h5 class=\"wp-show-posts-entry-title\" itemprop=\"headline\"><a href=\"https:\/\/ies9009-infd.mendoza.edu.ar\/sitio\/ies-9-009-se-prepara-para-recibir-aspirantes\/\" rel=\"bookmark\">IES 9-009 se prepara para recibir a m\u00e1s de 1000 aspirantes 2024.<\/a><\/h5><div class=\"wp-show-posts-entry-meta wp-show-posts-entry-meta-below-title post-meta-inline\"><span class=\"wp-show-posts-posted-on wp-show-posts-meta\">\n\t\t\t\t\t<a href=\"https:\/\/ies9009-infd.mendoza.edu.ar\/sitio\/ies-9-009-se-prepara-para-recibir-aspirantes\/\" title=\"4:59 pm\" rel=\"bookmark\"><time class=\"wp-show-posts-entry-date published\" datetime=\"2024-02-19T16:59:20-03:00\" itemprop=\"datePublished\">19 febrero, 2024<\/time><time class=\"wp-show-posts-updated\" datetime=\"2024-02-19T17:06:49-03:00\" itemprop=\"dateModified\">19 febrero, 2024<\/time><\/a>\n\t\t\t\t<\/span><\/div>\t\t\t\t\t\t<\/header><!-- .entry-header -->\n\t\t\t\t\t\t\t\t\t\t\t<div class=\"wp-show-posts-entry-summary\" itemprop=\"text\">\n\t\t\t\t\t\t\t<p>M\u00e1s de 1000 aspirantes tiene el IES 9-009, el IES 9-009 se prepara para recibirlos. El pasado viernes 09 de febrero se realiz\u00f3 la primera reuni\u00f3n de Consejo Ampliado, convocada&#8230;<\/p>\n\t\t\t\t\t\t<\/div><!-- .entry-summary -->\n\t\t\t\t\t<div class=\"wpsp-read-more\"><a title=\"IES 9-009 se prepara para recibir a m\u00e1s de 1000 aspirantes 2024.\" class=\"wp-show-posts-read-more\" href=\"https:\/\/ies9009-infd.mendoza.edu.ar\/sitio\/ies-9-009-se-prepara-para-recibir-aspirantes\/\">Leer m\u00e1s...<\/a><\/div><\/div><!-- wp-show-posts-inner --><\/article><div class=\"wpsp-clear\"><\/div><\/section><!-- .wp-show-posts -->\n<!-- MetaSlider 403 not found -->\n<p>.<\/p>\n","protected":false},"excerpt":{"rendered":"<p>Your browser does not support the video tag. \u00a0 Your browser does not support the video tag. \u00a0 Your browser does not support the video tag. \u00a0 . &nbsp; .<\/p>\n","protected":false},"author":1,"featured_media":0,"parent":0,"menu_order":0,"comment_status":"closed","ping_status":"closed","template":"","meta":[],"acf":[],"_links":{"self":[{"href":"https:\/\/ies9009-infd.mendoza.edu.ar\/sitio\/wp-json\/wp\/v2\/pages\/286"}],"collection":[{"href":"https:\/\/ies9009-infd.mendoza.edu.ar\/sitio\/wp-json\/wp\/v2\/pages"}],"about":[{"href":"https:\/\/ies9009-infd.mendoza.edu.ar\/sitio\/wp-json\/wp\/v2\/types\/page"}],"author":[{"embeddable":true,"href":"https:\/\/ies9009-infd.mendoza.edu.ar\/sitio\/wp-json\/wp\/v2\/users\/1"}],"replies":[{"embeddable":true,"href":"https:\/\/ies9009-infd.mendoza.edu.ar\/sitio\/wp-json\/wp\/v2\/comments?post=286"}],"version-history":[{"count":3157,"href":"https:\/\/ies9009-infd.mendoza.edu.ar\/sitio\/wp-json\/wp\/v2\/pages\/286\/revisions"}],"predecessor-version":[{"id":10388,"href":"https:\/\/ies9009-infd.mendoza.edu.ar\/sitio\/wp-json\/wp\/v2\/pages\/286\/revisions\/10388"}],"wp:attachment":[{"href":"https:\/\/ies9009-infd.mendoza.edu.ar\/sitio\/wp-json\/wp\/v2\/media?parent=286"}],"curies":[{"name":"wp","href":"https:\/\/api.w.org\/{rel}","templated":true}]}}