{"id":3955,"date":"2018-12-07T15:15:06","date_gmt":"2018-12-07T18:15:06","guid":{"rendered":"https:\/\/ies9009-mza.infd.edu.ar\/sitio\/?page_id=3955"},"modified":"2018-12-07T15:15:47","modified_gmt":"2018-12-07T18:15:47","slug":"carreras-con-modalidad-presencial","status":"publish","type":"page","link":"https:\/\/ies9009-infd.mendoza.edu.ar\/sitio\/carreras-con-modalidad-presencial\/","title":{"rendered":"Carreras con modalidad presencial"},"content":{"rendered":"<div class=\"exportLabelWrapper\">\n<div class=\"docssharedWizToggleLabeledContent\">\n<ul>\n<li class=\"docssharedWizToggleLabeledPrimaryText\"><span class=\"docssharedWizToggleLabeledLabelText exportLabel freebirdFormviewerViewItemsRadioLabel\" dir=\"auto\">Tecnicatura Superior en Agronom\u00eda (Agrelo)<\/span><\/li>\n<li class=\"docssharedWizToggleLabeledPrimaryText\">Tecnicatura Superior en Agronom\u00eda (Tupungato)<\/li>\n<li class=\"docssharedWizToggleLabeledPrimaryText\">Tecnicatura Superior en Enolog\u00eda (Tupungato)<\/li>\n<li class=\"docssharedWizToggleLabeledPrimaryText\">Tecnicatura Superior en Admnistraci\u00f3n de Empresas (Tupungato)<\/li>\n<li class=\"docssharedWizToggleLabeledPrimaryText\">Tecnicatura Superior en Contabilidad (Tupungato)<\/li>\n<li class=\"docssharedWizToggleLabeledPrimaryText\">Profesorado de Educaci\u00f3n Secundaria en Matem\u00e1tica (Tupungato)<\/li>\n<li class=\"docssharedWizToggleLabeledPrimaryText\">Tecnicatura Superior en Dise\u00f1o Gr\u00e1fico y Publicitario (Tupungato)<\/li>\n<li class=\"docssharedWizToggleLabeledPrimaryText\">Profesorado de Educaci\u00f3n Secundaria en Qu\u00edmica (Tupungato)<\/li>\n<li class=\"docssharedWizToggleLabeledPrimaryText\">Profesorado de Educaci\u00f3n Especial (Tupungato)<\/li>\n<li class=\"docssharedWizToggleLabeledPrimaryText\">Tecnicatura Superior en Turismo y Hoteler\u00eda (Tunuy\u00e1n)<\/li>\n<li class=\"docssharedWizToggleLabeledPrimaryText\">Profesorado de Educaci\u00f3n Primaria (Tupungato)<\/li>\n<\/ul>\n<\/div>\n<\/div>\n<p><a href=\"https:\/\/docs.google.com\/forms\/d\/e\/1FAIpQLSeiwB20F8st5zKUtAuUzO-g95A9QPTrdQ2PVsd0zHIaUoW3Hw\/viewform\" target=\"_blank\" rel=\"noopener\"><strong>INGRESA AL FORMULARIO DE PREINSCRIPCI\u00d3N ONLINE<\/strong><\/a><\/p>\n","protected":false},"excerpt":{"rendered":"<p>Tecnicatura Superior en Agronom\u00eda (Agrelo) Tecnicatura Superior en Agronom\u00eda (Tupungato) Tecnicatura Superior en Enolog\u00eda (Tupungato) Tecnicatura Superior en Admnistraci\u00f3n de Empresas (Tupungato) Tecnicatura Superior en Contabilidad (Tupungato) Profesorado de Educaci\u00f3n Secundaria en Matem\u00e1tica (Tupungato) Tecnicatura Superior en Dise\u00f1o Gr\u00e1fico y Publicitario (Tupungato) Profesorado de Educaci\u00f3n Secundaria en Qu\u00edmica (Tupungato) Profesorado de Educaci\u00f3n Especial (Tupungato) Tecnicatura &#8230; <a title=\"Carreras con modalidad presencial\" class=\"read-more\" href=\"https:\/\/ies9009-infd.mendoza.edu.ar\/sitio\/carreras-con-modalidad-presencial\/\" aria-label=\"More on Carreras con modalidad presencial\">[+]<\/a><\/p>\n","protected":false},"author":1635,"featured_media":0,"parent":0,"menu_order":0,"comment_status":"closed","ping_status":"closed","template":"","meta":[],"acf":[],"_links":{"self":[{"href":"https:\/\/ies9009-infd.mendoza.edu.ar\/sitio\/wp-json\/wp\/v2\/pages\/3955"}],"collection":[{"href":"https:\/\/ies9009-infd.mendoza.edu.ar\/sitio\/wp-json\/wp\/v2\/pages"}],"about":[{"href":"https:\/\/ies9009-infd.mendoza.edu.ar\/sitio\/wp-json\/wp\/v2\/types\/page"}],"author":[{"embeddable":true,"href":"https:\/\/ies9009-infd.mendoza.edu.ar\/sitio\/wp-json\/wp\/v2\/users\/1635"}],"replies":[{"embeddable":true,"href":"https:\/\/ies9009-infd.mendoza.edu.ar\/sitio\/wp-json\/wp\/v2\/comments?post=3955"}],"version-history":[{"count":1,"href":"https:\/\/ies9009-infd.mendoza.edu.ar\/sitio\/wp-json\/wp\/v2\/pages\/3955\/revisions"}],"predecessor-version":[{"id":3956,"href":"https:\/\/ies9009-infd.mendoza.edu.ar\/sitio\/wp-json\/wp\/v2\/pages\/3955\/revisions\/3956"}],"wp:attachment":[{"href":"https:\/\/ies9009-infd.mendoza.edu.ar\/sitio\/wp-json\/wp\/v2\/media?parent=3955"}],"curies":[{"name":"wp","href":"https:\/\/api.w.org\/{rel}","templated":true}]}}