{"id":3958,"date":"2018-12-07T15:18:18","date_gmt":"2018-12-07T18:18:18","guid":{"rendered":"https:\/\/ies9009-mza.infd.edu.ar\/sitio\/?page_id=3958"},"modified":"2018-12-30T09:21:41","modified_gmt":"2018-12-30T12:21:41","slug":"carreras-con-modalidad-a-distancia","status":"publish","type":"page","link":"https:\/\/ies9009-infd.mendoza.edu.ar\/sitio\/carreras-con-modalidad-a-distancia\/","title":{"rendered":"Carreras con modalidad a distancia"},"content":{"rendered":"<h3>Tecnicatura Superior en Administraci\u00f3n de Empresas (a distancia)<\/h3>\n<h4><span style=\"color: #ff6600;\"><a style=\"color: #ff6600;\" href=\"https:\/\/ies9009-infd.mendoza.edu.ar\/sitio\/tecnicatura-superior-en-administracion-de-empresas-a-distancia\/\" target=\"_blank\" rel=\"noopener\">Ver informaci\u00f3n sobre la carrera<\/a><\/span><\/h4>\n<h5 style=\"text-align: left;\"><strong><a href=\"https:\/\/docs.google.com\/forms\/d\/e\/1FAIpQLSe_t8vSIoMb0L3usyJyKXXp8YYv4wcDWKeqkpqZVhfu-HvO_A\/viewform\" target=\"_blank\" rel=\"noopener\">INGRESA AL FORMULARIO DE PREINSCRIPCI\u00d3N ONLINE<\/a><\/strong><\/h5>\n<p><img decoding=\"async\" loading=\"lazy\" class=\"alignnone wp-image-3990\" src=\"https:\/\/ies9009-infd.mendoza.edu.ar\/sitio\/wp-content\/uploads\/2018\/12\/Distancia1-1000x480.jpg\" alt=\"\" width=\"522\" height=\"251\" \/><\/p>\n<p>&nbsp;<\/p>\n","protected":false},"excerpt":{"rendered":"<p>Tecnicatura Superior en Administraci\u00f3n de Empresas (a distancia) Ver informaci\u00f3n sobre la carrera INGRESA AL FORMULARIO DE PREINSCRIPCI\u00d3N ONLINE &nbsp;<\/p>\n","protected":false},"author":1635,"featured_media":0,"parent":0,"menu_order":0,"comment_status":"closed","ping_status":"closed","template":"","meta":[],"acf":[],"_links":{"self":[{"href":"https:\/\/ies9009-infd.mendoza.edu.ar\/sitio\/wp-json\/wp\/v2\/pages\/3958"}],"collection":[{"href":"https:\/\/ies9009-infd.mendoza.edu.ar\/sitio\/wp-json\/wp\/v2\/pages"}],"about":[{"href":"https:\/\/ies9009-infd.mendoza.edu.ar\/sitio\/wp-json\/wp\/v2\/types\/page"}],"author":[{"embeddable":true,"href":"https:\/\/ies9009-infd.mendoza.edu.ar\/sitio\/wp-json\/wp\/v2\/users\/1635"}],"replies":[{"embeddable":true,"href":"https:\/\/ies9009-infd.mendoza.edu.ar\/sitio\/wp-json\/wp\/v2\/comments?post=3958"}],"version-history":[{"count":9,"href":"https:\/\/ies9009-infd.mendoza.edu.ar\/sitio\/wp-json\/wp\/v2\/pages\/3958\/revisions"}],"predecessor-version":[{"id":4203,"href":"https:\/\/ies9009-infd.mendoza.edu.ar\/sitio\/wp-json\/wp\/v2\/pages\/3958\/revisions\/4203"}],"wp:attachment":[{"href":"https:\/\/ies9009-infd.mendoza.edu.ar\/sitio\/wp-json\/wp\/v2\/media?parent=3958"}],"curies":[{"name":"wp","href":"https:\/\/api.w.org\/{rel}","templated":true}]}}