{"id":4094,"date":"2018-12-17T20:15:00","date_gmt":"2018-12-17T23:15:00","guid":{"rendered":"https:\/\/ies9009-mza.infd.edu.ar\/sitio\/?page_id=4094"},"modified":"2018-12-17T20:30:55","modified_gmt":"2018-12-17T23:30:55","slug":"tecnicatura-superior-en-administracion-publica-para-empleados-de-municipalidad-de-lujan-de-cuyo","status":"publish","type":"page","link":"https:\/\/ies9009-infd.mendoza.edu.ar\/sitio\/tecnicatura-superior-en-administracion-publica-para-empleados-de-municipalidad-de-lujan-de-cuyo\/","title":{"rendered":"Tecnicatura Superior en Administraci\u00f3n P\u00fablica (para empleados de Municipalidad de Luj\u00e1n de Cuyo)"},"content":{"rendered":"<h4><strong>T\u00cdTULO QUE OTORGA <img decoding=\"async\" loading=\"lazy\" class=\" alignright\" src=\"https:\/\/encrypted-tbn0.gstatic.com\/images?q=tbn:ANd9GcSj27DLFnRhEFeDHOhFzEUIIqhrQn2uSh9f_fig5XKe5OEi97ZuDw\" width=\"320\" height=\"269\" \/><br \/>\n<\/strong><\/h4>\n<p>\u201cT\u00e9cnico Superior en Administraci\u00f3n P\u00fablica\u201d<\/p>\n<h4><strong>MODALIDAD<\/strong><\/h4>\n<p>Presencial<\/p>\n<h4><strong>DURACI\u00d3N DE LA CARRERA<\/strong><\/h4>\n<p>3 (tres) a\u00f1os<\/p>\n<h4>SE DICTA EN<\/h4>\n<ul>\n<li>Unidad Acad\u00e9mica Luj\u00e1n de Cuyo (para empleados de la Municipalidad de Luj\u00e1n de Cuyo). <a href=\"https:\/\/www.google.com.ar\/maps\/place\/Viedma+524,+Luj%C3%A1n+de+Cuyo,+Mendoza\/@-33.0280972,-68.885798,17z\/data=!3m1!4b1!4m5!3m4!1s0x967e754816f70d37:0x618603b5f559d131!8m2!3d-33.0281017!4d-68.883604?hl=es-419\" target=\"_blank\" rel=\"noopener\">\u00bfC\u00f3mo llegar?<\/a><\/li>\n<\/ul>\n<p>&nbsp;<\/p>\n<p><strong>PERFIL DEL EGRESADO<\/strong><\/p>\n<p>El T\u00e9cnico Superior en Administraci\u00f3n P\u00fablica estar\u00e1 capacitado para desempe\u00f1arse en todas las \u00e1reas de las administraciones p\u00fablicas de los \u00e1mbitos nacional, jurisdiccional y local. En este sentido estar\u00e1 formado para la utilizaci\u00f3n, con fundamento, de modelos conceptuales, instrumentos legales y t\u00e9cnicos que apunten a una gesti\u00f3n eficiente y eficaz de los \u00e1mbitos gubernamentales en la promoci\u00f3n de procesos de desarrollo local y regional.<\/p>\n<p><em><strong>El T\u00e9cnico Superior estar\u00e1 capacitado para:<\/strong><\/em><\/p>\n<p>Participar en la interpretaci\u00f3n de las pol\u00edticas generales del Estado que se reflejan en el plan de gobierno y en la gesti\u00f3n administrativa del organismo, propendiendo al desarrollo local y regional en el marco del Estado de derecho. Participar en la puesta en marcha del plan de gobierno del organismo teniendo en cuenta los siguientes ejes transversales:<\/p>\n<ul>\n<li><em>Planificaci\u00f3n, ejecuci\u00f3n y control de procesos administrativos articuladamente con los distintos sectores de la organizaci\u00f3n.<\/em><\/li>\n<li><em>Desarrollo de su capacidad de liderazgo y comunicaci\u00f3n, negociaci\u00f3n y emprendimiento, creatividad y trabajo e equipo.<\/em><\/li>\n<\/ul>\n<h4><strong>\u00c1REAS DE COMPETENCIA<\/strong><\/h4>\n<p>Gestionar pol\u00edticas para atender las necesidades de la comunidad a trav\u00e9s de modalidades de gesti\u00f3n que promuevan su participaci\u00f3n.<\/p>\n<p>Administrar y organizar su \u00e1rea de trabajo, utilizando soportes que permitan desarrollar la \u00a0evaluaci\u00f3n y seguimiento de las acciones del organismo.<\/p>\n<p>Seleccionar, organizar, formar y capacitar los recursos humanos, participando en la definici\u00f3n de los puestos de trabajo y de \u00a0las estrategias de carrera administrativa y de desarrollo personal.<\/p>\n<p>Dise\u00f1ar e implementar sistemas de informaci\u00f3n y comunicaci\u00f3n hacia adentro \u00a0de la organizaci\u00f3n y hacia afuera de la misma.<\/p>\n","protected":false},"excerpt":{"rendered":"<p>T\u00cdTULO QUE OTORGA \u201cT\u00e9cnico Superior en Administraci\u00f3n P\u00fablica\u201d MODALIDAD Presencial DURACI\u00d3N DE LA CARRERA 3 (tres) a\u00f1os SE DICTA EN Unidad Acad\u00e9mica Luj\u00e1n de Cuyo (para empleados de la Municipalidad de Luj\u00e1n de Cuyo). \u00bfC\u00f3mo llegar? &nbsp; PERFIL DEL EGRESADO El T\u00e9cnico Superior en Administraci\u00f3n P\u00fablica estar\u00e1 capacitado para desempe\u00f1arse en todas las \u00e1reas de &#8230; <a title=\"Tecnicatura Superior en Administraci\u00f3n P\u00fablica (para empleados de Municipalidad de Luj\u00e1n de Cuyo)\" class=\"read-more\" href=\"https:\/\/ies9009-infd.mendoza.edu.ar\/sitio\/tecnicatura-superior-en-administracion-publica-para-empleados-de-municipalidad-de-lujan-de-cuyo\/\" aria-label=\"More on Tecnicatura Superior en Administraci\u00f3n P\u00fablica (para empleados de Municipalidad de Luj\u00e1n de Cuyo)\">[+]<\/a><\/p>\n","protected":false},"author":1635,"featured_media":0,"parent":0,"menu_order":0,"comment_status":"closed","ping_status":"closed","template":"","meta":[],"acf":[],"_links":{"self":[{"href":"https:\/\/ies9009-infd.mendoza.edu.ar\/sitio\/wp-json\/wp\/v2\/pages\/4094"}],"collection":[{"href":"https:\/\/ies9009-infd.mendoza.edu.ar\/sitio\/wp-json\/wp\/v2\/pages"}],"about":[{"href":"https:\/\/ies9009-infd.mendoza.edu.ar\/sitio\/wp-json\/wp\/v2\/types\/page"}],"author":[{"embeddable":true,"href":"https:\/\/ies9009-infd.mendoza.edu.ar\/sitio\/wp-json\/wp\/v2\/users\/1635"}],"replies":[{"embeddable":true,"href":"https:\/\/ies9009-infd.mendoza.edu.ar\/sitio\/wp-json\/wp\/v2\/comments?post=4094"}],"version-history":[{"count":2,"href":"https:\/\/ies9009-infd.mendoza.edu.ar\/sitio\/wp-json\/wp\/v2\/pages\/4094\/revisions"}],"predecessor-version":[{"id":4101,"href":"https:\/\/ies9009-infd.mendoza.edu.ar\/sitio\/wp-json\/wp\/v2\/pages\/4094\/revisions\/4101"}],"wp:attachment":[{"href":"https:\/\/ies9009-infd.mendoza.edu.ar\/sitio\/wp-json\/wp\/v2\/media?parent=4094"}],"curies":[{"name":"wp","href":"https:\/\/api.w.org\/{rel}","templated":true}]}}