{"id":5564,"date":"2020-06-08T18:49:21","date_gmt":"2020-06-08T21:49:21","guid":{"rendered":"https:\/\/ies9009-infd.mendoza.edu.ar\/sitio\/?page_id=5564"},"modified":"2020-06-25T23:08:09","modified_gmt":"2020-06-26T02:08:09","slug":"volver-a-pasar-por-el-corazon-2","status":"publish","type":"page","link":"https:\/\/ies9009-infd.mendoza.edu.ar\/sitio\/volver-a-pasar-por-el-corazon-2\/","title":{"rendered":"VOLVER A PASAR POR EL CORAZ\u00d3N"},"content":{"rendered":"<p><img decoding=\"async\" loading=\"lazy\" class=\"alignnone wp-image-5566\" src=\"https:\/\/ies9009-infd.mendoza.edu.ar\/sitio\/wp-content\/uploads\/2020\/06\/LA-PANDEMIA-NO-SE-DETIENE-1000x400.png\" alt=\"\" width=\"340\" height=\"136\" srcset=\"https:\/\/ies9009-infd.mendoza.edu.ar\/sitio\/wp-content\/uploads\/2020\/06\/LA-PANDEMIA-NO-SE-DETIENE-1000x400.png 1000w, https:\/\/ies9009-infd.mendoza.edu.ar\/sitio\/wp-content\/uploads\/2020\/06\/LA-PANDEMIA-NO-SE-DETIENE-768x307.png 768w, https:\/\/ies9009-infd.mendoza.edu.ar\/sitio\/wp-content\/uploads\/2020\/06\/LA-PANDEMIA-NO-SE-DETIENE.png 1841w\" sizes=\"(max-width: 340px) 100vw, 340px\" \/><\/p>\n<pre><strong>PASO A LA INMORTALIDAD DEL GRAL. MANUEL BELGRANO\r\n\r\n<\/strong><\/pre>\n<div  class=\"lgc-column lgc-grid-parent lgc-grid-33 lgc-tablet-grid-33 lgc-mobile-grid-100 lgc-equal-heights \"><div  class=\"inside-grid-column\">\n<ul>\n<li><a href=\"https:\/\/ies9009-infd.mendoza.edu.ar\/sitio\/wp-content\/uploads\/2020\/06\/Capitulo-I-1.jpg\" target=\"_blank\" rel=\"noopener\">Cap\u00edtulo I-1: Manuel Belgrano dictaba su testamento<\/a><\/li>\n<li><a href=\"https:\/\/ies9009-infd.mendoza.edu.ar\/sitio\/wp-content\/uploads\/2020\/06\/Capitulo-I-2.jpg\" target=\"_blank\" rel=\"noopener\">Cap\u00edtulo I- 2: Manuel Belgrano dictaba su testamento<\/a><\/li>\n<li><a href=\"https:\/\/ies9009-infd.mendoza.edu.ar\/sitio\/wp-content\/uploads\/2020\/06\/Capitulo-I-3.jpg\" target=\"_blank\" rel=\"noopener\">Cap\u00edtulo I- 3: Manuel Belgrano dictaba su testamento<\/a><\/li>\n<li><a href=\"https:\/\/ies9009-infd.mendoza.edu.ar\/sitio\/wp-content\/uploads\/2020\/06\/Capitulo-II-1.jpg\" target=\"_blank\" rel=\"noopener\">Cap\u00edtulo II-1: Manuel Belrgano y la Primera Junta<\/a><\/li>\n<li><a href=\"https:\/\/ies9009-infd.mendoza.edu.ar\/sitio\/wp-content\/uploads\/2020\/06\/Cap\u00edtulo-II-2.jpg\" target=\"_blank\" rel=\"noopener\">Cap\u00edtulo II-2: Manuel Belgrano y la Primera Junta<\/a><\/li>\n<li><a href=\"https:\/\/ies9009-infd.mendoza.edu.ar\/sitio\/wp-content\/uploads\/2020\/06\/Capitulo-II-3.jpg\" target=\"_blank\" rel=\"noopener\">Cap\u00edtulo II-3: Manuel Belgrano y la Primera Junta<\/a><\/li>\n<li><a href=\"https:\/\/ies9009-infd.mendoza.edu.ar\/sitio\/wp-content\/uploads\/2020\/06\/Capitulo-III-1.jpg\" target=\"_blank\" rel=\"noopener\">Cap\u00edtulo III-1: Manuel Belgrano y la guerra por la Independencia<\/a><\/li>\n<li><a href=\"https:\/\/ies9009-infd.mendoza.edu.ar\/sitio\/wp-content\/uploads\/2020\/06\/Capitulo-III-2.jpg\" target=\"_blank\" rel=\"noopener\">Cap\u00edtulo III-2: Manuel Belgrano y la guerra por la Independencia<\/a><\/li>\n<li><a href=\"https:\/\/ies9009-infd.mendoza.edu.ar\/sitio\/wp-content\/uploads\/2020\/06\/Capitulo-III-3.jpg\" target=\"_blank\" rel=\"noopener\">Cap\u00edtulo III-3: Manuel Belgrano y la guerra por la Independencia<\/a><\/li>\n<\/ul>\n<p><\/p><\/div><\/div>\n<div  class=\"lgc-column lgc-grid-parent lgc-grid-33 lgc-tablet-grid-33 lgc-mobile-grid-100 lgc-equal-heights \"><div  class=\"inside-grid-column\">\n<ul>\n<li><a href=\"https:\/\/ies9009-infd.mendoza.edu.ar\/sitio\/wp-content\/uploads\/2020\/06\/CAP_4_PAG_1.jpg\" target=\"_blank\" rel=\"noopener\">Cap\u00edtulo IV-1: Manuel Belgrano, el pedagogo iberoamericano<\/a><\/li>\n<li><a href=\"https:\/\/ies9009-infd.mendoza.edu.ar\/sitio\/wp-content\/uploads\/2020\/06\/CAP_4_PAG_2.jpg\" target=\"_blank\" rel=\"noopener\">Cap\u00edtulo IV-2: Manuel Belgrano, el pedagogo iberoamericano<\/a><\/li>\n<li><a href=\"https:\/\/ies9009-infd.mendoza.edu.ar\/sitio\/wp-content\/uploads\/2020\/06\/CAP_4_PAG_3.jpg\" target=\"_blank\" rel=\"noopener\">Cap\u00edtulo IV-3: Manuel Belgrano, el pedagogo iberoamericano<\/a><\/li>\n<li><a href=\"https:\/\/ies9009-infd.mendoza.edu.ar\/sitio\/wp-content\/uploads\/2020\/06\/Cap\u00edtulo_5_p\u00e1gina-1.jpg\" target=\"_blank\" rel=\"noopener\">Cap\u00edtulo V-1: Manuel Belgrano, precursor de la escuela p\u00fablica<\/a><\/li>\n<li><a href=\"https:\/\/ies9009-infd.mendoza.edu.ar\/sitio\/wp-content\/uploads\/2020\/06\/Cap\u00edtulo_5_p\u00e1gina-2.jpg\" target=\"_blank\" rel=\"noopener\">Cap\u00edtulo V-2: Manuel Belgrano, precursor de la escuela p\u00fablica<\/a><\/li>\n<li><a href=\"https:\/\/ies9009-infd.mendoza.edu.ar\/sitio\/wp-content\/uploads\/2020\/06\/Cap\u00edtulo_5_p\u00e1gina._3.jpg\" target=\"_blank\" rel=\"noopener\">Cap\u00edtulo V-3: Manuel Belgrano, precursor de la escuela p\u00fablica<\/a><\/li>\n<li><a href=\"https:\/\/ies9009-infd.mendoza.edu.ar\/sitio\/wp-content\/uploads\/2020\/06\/Cap\u00edtulo-6-hoja-1.jpg\" target=\"_blank\" rel=\"noopener\">Cap\u00edtulo VI-1: Manuel Belgrano y sus principios de econom\u00eda pol\u00edtica<\/a><\/li>\n<li><a href=\"https:\/\/ies9009-infd.mendoza.edu.ar\/sitio\/wp-content\/uploads\/2020\/06\/Cap\u00edtulo-6-hoja-2.jpg\" target=\"_blank\" rel=\"noopener\">Cap\u00edtulo VI-2: Manuel Belgrano y sus principios de econom\u00eda pol\u00edtica<\/a><\/li>\n<li><a href=\"https:\/\/ies9009-infd.mendoza.edu.ar\/sitio\/wp-content\/uploads\/2020\/06\/Cap\u00edtuo-6-hoja-3.jpg\" target=\"_blank\" rel=\"noopener\">Cap\u00edtulo VI-3: Manuel Belgrano y sus principios de econom\u00eda pol\u00edtica<\/a><\/li>\n<\/ul>\n<p><\/p><\/div><\/div>\n<div  class=\"lgc-column lgc-grid-parent lgc-grid-33 lgc-tablet-grid-33 lgc-mobile-grid-100 lgc-equal-heights \"><div  class=\"inside-grid-column\">\n<ul>\n<li><a href=\"https:\/\/ies9009-infd.mendoza.edu.ar\/sitio\/wp-content\/uploads\/2020\/06\/CAP._7_P\u00c1G._1.jpg\" target=\"_blank\" rel=\"noopener\">Cap\u00edtulo VII-1: Manuel Belgrano y la econom\u00eda<\/a><\/li>\n<li><a href=\"https:\/\/ies9009-infd.mendoza.edu.ar\/sitio\/wp-content\/uploads\/2020\/06\/CAP._7_P\u00c1G._2.jpg\" target=\"_blank\" rel=\"noopener\">Cap\u00edtulo VII-2: Manuel Belgrano y la econom\u00eda<\/a><\/li>\n<li><a href=\"https:\/\/ies9009-infd.mendoza.edu.ar\/sitio\/wp-content\/uploads\/2020\/06\/CAP._7_P\u00c1G._3.jpg\" target=\"_blank\" rel=\"noopener\">Cap\u00edtulo VII-3: Manuel Belgrano y la econom\u00eda<\/a><\/li>\n<li><a href=\"https:\/\/ies9009-infd.mendoza.edu.ar\/sitio\/wp-content\/uploads\/2020\/06\/Cap\u00edtulo-8-p\u00e1g-1.jpg\" target=\"_blank\" rel=\"noopener\">Cap\u00edtulo VIII-1 Manuel Belgrano y la Ense\u00f1a Nacional<\/a><\/li>\n<li><a href=\"https:\/\/ies9009-infd.mendoza.edu.ar\/sitio\/wp-content\/uploads\/2020\/06\/Cap\u00edtulo-8-p\u00e1g-2.jpg\" target=\"_blank\" rel=\"noopener\">Cap\u00edtulo VIII-2 Manuel Belgrano y la Ense\u00f1a Nacional<\/a><\/li>\n<li><a href=\"https:\/\/ies9009-infd.mendoza.edu.ar\/sitio\/wp-content\/uploads\/2020\/06\/Cap\u00edtulo-8-p\u00e1g-3.jpg\" target=\"_blank\" rel=\"noopener\">Cap\u00edtulo VIII-3 Manuel Belgrano y la Ense\u00f1a Nacional<\/a><\/li>\n<li><a href=\"https:\/\/ies9009-infd.mendoza.edu.ar\/sitio\/wp-content\/uploads\/2020\/06\/Cap\u00edtulo-8-p\u00e1g-4.jpg\" target=\"_blank\" rel=\"noopener\">Cap\u00edtulo VIII-4 Manuel Belgrano y la Ense\u00f1a Nacional<\/a><\/li>\n<li><a href=\"https:\/\/ies9009-infd.mendoza.edu.ar\/sitio\/wp-content\/uploads\/2020\/06\/Cap\u00edtulo-9-hoja-1.jpg\" target=\"_blank\" rel=\"noopener\">Cap\u00edtulo IX-1 Manuel Belgrano, una chispa de luz<\/a><\/li>\n<li><a href=\"https:\/\/ies9009-infd.mendoza.edu.ar\/sitio\/wp-content\/uploads\/2020\/06\/Cap\u00edtulo-9-hoja-2.jpg\" target=\"_blank\" rel=\"noopener\">Cap\u00edtulo IX-2 Manuel Belgrano, una chispa de luz<\/a><\/li>\n<li><a href=\"https:\/\/ies9009-infd.mendoza.edu.ar\/sitio\/wp-content\/uploads\/2020\/06\/Cap\u00edtulo-9-hoja-3.jpg\" target=\"_blank\" rel=\"noopener\">Cap\u00edtulo IX-3 Manuel Belgrano, una chispa de luz<\/a><\/li>\n<li><a href=\"https:\/\/ies9009-infd.mendoza.edu.ar\/sitio\/wp-content\/uploads\/2020\/06\/Cap\u00edtulo-9-hoja-4.jpg\" target=\"_blank\" rel=\"noopener\">Cap\u00edtulo IX-4 Manuel Belgrano, una chispa de luz<\/a><\/li>\n<\/ul>\n<p><\/p><\/div><\/div><div class=\"lgc-clear\"><\/div>\n","protected":false},"excerpt":{"rendered":"<p>PASO A LA INMORTALIDAD DEL GRAL. MANUEL BELGRANO<\/p>\n","protected":false},"author":1635,"featured_media":0,"parent":0,"menu_order":0,"comment_status":"closed","ping_status":"closed","template":"","meta":[],"acf":[],"_links":{"self":[{"href":"https:\/\/ies9009-infd.mendoza.edu.ar\/sitio\/wp-json\/wp\/v2\/pages\/5564"}],"collection":[{"href":"https:\/\/ies9009-infd.mendoza.edu.ar\/sitio\/wp-json\/wp\/v2\/pages"}],"about":[{"href":"https:\/\/ies9009-infd.mendoza.edu.ar\/sitio\/wp-json\/wp\/v2\/types\/page"}],"author":[{"embeddable":true,"href":"https:\/\/ies9009-infd.mendoza.edu.ar\/sitio\/wp-json\/wp\/v2\/users\/1635"}],"replies":[{"embeddable":true,"href":"https:\/\/ies9009-infd.mendoza.edu.ar\/sitio\/wp-json\/wp\/v2\/comments?post=5564"}],"version-history":[{"count":25,"href":"https:\/\/ies9009-infd.mendoza.edu.ar\/sitio\/wp-json\/wp\/v2\/pages\/5564\/revisions"}],"predecessor-version":[{"id":5688,"href":"https:\/\/ies9009-infd.mendoza.edu.ar\/sitio\/wp-json\/wp\/v2\/pages\/5564\/revisions\/5688"}],"wp:attachment":[{"href":"https:\/\/ies9009-infd.mendoza.edu.ar\/sitio\/wp-json\/wp\/v2\/media?parent=5564"}],"curies":[{"name":"wp","href":"https:\/\/api.w.org\/{rel}","templated":true}]}}