{"id":5741,"date":"2020-07-24T17:03:40","date_gmt":"2020-07-24T20:03:40","guid":{"rendered":"https:\/\/ies9009-infd.mendoza.edu.ar\/sitio\/?page_id=5741"},"modified":"2020-07-24T19:15:15","modified_gmt":"2020-07-24T22:15:15","slug":"investigacion-radio-sociocomunitaria-fm-los-cerrillos","status":"publish","type":"page","link":"https:\/\/ies9009-infd.mendoza.edu.ar\/sitio\/investigacion-radio-sociocomunitaria-fm-los-cerrillos\/","title":{"rendered":"INVESTIGACI\u00d3N: Radio sociocomunitaria FM Los Cerrillos"},"content":{"rendered":"<ul>\n<li><strong>Mediaci\u00f3n pedag\u00f3gica desde la radio <\/strong><\/li>\n<\/ul>\n<p>Nos encontramos en una etapa particular del proceso de formaci\u00f3n docente, donde las relaciones entre los medios y la educaci\u00f3n son clave de lectura para comprender los nuevos sujetos sociales de aprendizaje, por esto analizamos dichos v\u00ednculos y sentidos generados a partir de las pr\u00e1cticas pedag\u00f3gicas en la formaci\u00f3n docente a trav\u00e9s de la radio socio-educativa. Buscamos sistematizar cualitativamente e instituir una nueva modalidad de formaci\u00f3n en el desarrollo de habilidades sociales del docente, a partir de los sentidos y v\u00ednculos producidos entre educaci\u00f3n y medios de comunicaci\u00f3n como instrumento de mediaci\u00f3n.<\/p>\n<pre><a href=\"https:\/\/drive.google.com\/file\/d\/19B_fF2YqDvoprlzaCaRyRKTvT78sD2Fw\/view?usp=sharing\" target=\"_blank\" rel=\"noopener\"><strong>ACCEDER A LA INVESTIGACI\u00d3N<\/strong><\/a><\/pre>\n<ul>\n<li><strong>Aportes para Lectura, Escritura y Oralidad (LEO) en el Prof. de Matem\u00e1tica<\/strong><\/li>\n<\/ul>\n<p>Tomando como antecedente la investigaci\u00f3n en Mediaci\u00f3n Pedag\u00f3gica de la FM Socioeducativa, realizada por este mismo equipo de investigaci\u00f3n. Donde vimos qu\u00e9 mediaciones pedag\u00f3gicas se pueden realizar desde una FM Socioeducativa en la formaci\u00f3n docente. Ahora trabajamos sobre los alcances de la FM ante una problem\u00e1tica espec\u00edfica: la Comprensi\u00f3n y Producci\u00f3n de textos en estudiantes de los profesorados de Matem\u00e1tica.<\/p>\n<pre><a href=\"https:\/\/drive.google.com\/file\/d\/1PKvcHzuVWp12d0J7EMc7WEa94iJOlZ1F\/view?usp=sharing\" target=\"_blank\" rel=\"noopener\"><strong>ACCEDER A LA INVESTIGACI\u00d3N<\/strong><\/a><\/pre>\n<p>&nbsp;<\/p>\n","protected":false},"excerpt":{"rendered":"<p>Mediaci\u00f3n pedag\u00f3gica desde la radio Nos encontramos en una etapa particular del proceso de formaci\u00f3n docente, donde las relaciones entre los medios y la educaci\u00f3n son clave de lectura para comprender los nuevos sujetos sociales de aprendizaje, por esto analizamos dichos v\u00ednculos y sentidos generados a partir de las pr\u00e1cticas pedag\u00f3gicas en la formaci\u00f3n docente &#8230; <a title=\"INVESTIGACI\u00d3N: Radio sociocomunitaria FM Los Cerrillos\" class=\"read-more\" href=\"https:\/\/ies9009-infd.mendoza.edu.ar\/sitio\/investigacion-radio-sociocomunitaria-fm-los-cerrillos\/\" aria-label=\"More on INVESTIGACI\u00d3N: Radio sociocomunitaria FM Los Cerrillos\">[+]<\/a><\/p>\n","protected":false},"author":1635,"featured_media":0,"parent":0,"menu_order":0,"comment_status":"closed","ping_status":"closed","template":"","meta":[],"acf":[],"_links":{"self":[{"href":"https:\/\/ies9009-infd.mendoza.edu.ar\/sitio\/wp-json\/wp\/v2\/pages\/5741"}],"collection":[{"href":"https:\/\/ies9009-infd.mendoza.edu.ar\/sitio\/wp-json\/wp\/v2\/pages"}],"about":[{"href":"https:\/\/ies9009-infd.mendoza.edu.ar\/sitio\/wp-json\/wp\/v2\/types\/page"}],"author":[{"embeddable":true,"href":"https:\/\/ies9009-infd.mendoza.edu.ar\/sitio\/wp-json\/wp\/v2\/users\/1635"}],"replies":[{"embeddable":true,"href":"https:\/\/ies9009-infd.mendoza.edu.ar\/sitio\/wp-json\/wp\/v2\/comments?post=5741"}],"version-history":[{"count":2,"href":"https:\/\/ies9009-infd.mendoza.edu.ar\/sitio\/wp-json\/wp\/v2\/pages\/5741\/revisions"}],"predecessor-version":[{"id":5764,"href":"https:\/\/ies9009-infd.mendoza.edu.ar\/sitio\/wp-json\/wp\/v2\/pages\/5741\/revisions\/5764"}],"wp:attachment":[{"href":"https:\/\/ies9009-infd.mendoza.edu.ar\/sitio\/wp-json\/wp\/v2\/media?parent=5741"}],"curies":[{"name":"wp","href":"https:\/\/api.w.org\/{rel}","templated":true}]}}