{"id":5753,"date":"2020-07-24T17:16:53","date_gmt":"2020-07-24T20:16:53","guid":{"rendered":"https:\/\/ies9009-infd.mendoza.edu.ar\/sitio\/?page_id=5753"},"modified":"2020-07-24T17:17:06","modified_gmt":"2020-07-24T20:17:06","slug":"investigacion-historia-de-la-educacion-superior-en-mendoza","status":"publish","type":"page","link":"https:\/\/ies9009-infd.mendoza.edu.ar\/sitio\/investigacion-historia-de-la-educacion-superior-en-mendoza\/","title":{"rendered":"INVESTIGACI\u00d3N: Historia de la Educaci\u00f3n Superior en Mendoza"},"content":{"rendered":"<p>El objeto de este trabajo es analizar el proceso de cambio hist\u00f3rico cultural del nivel superior en la provincia de Mendoza. Generalmente los estudios que tienen por objeto la formaci\u00f3n superior han centrado sus an\u00e1lisis sobre los estudios universitarios. Sin embargo, podemos constatar que en la provincia cuyana existi\u00f3, previamente y paralelamente, instituciones educativas de este nivel que no estuvieron abarcadas por la universidad. Del mismo modo tampoco puede ser considerado como un subsistema subsidiario de las universidades dado que form\u00f3 y aport\u00f3 t\u00e9cnicos, docentes y profesionales en diversas especialidades del \u00e1mbito laboral mendocino.<\/p>\n<pre><a href=\"https:\/\/drive.google.com\/file\/d\/1xx8OqxPaf6iv1222dFWmjwEoprjHTfLA\/view?usp=sharing\" target=\"_blank\" rel=\"noopener\">ACCEDER A LA INVESTIGACI\u00d3N<\/a><\/pre>\n<p>&nbsp;<\/p>\n<p>&nbsp;<\/p>\n","protected":false},"excerpt":{"rendered":"<p>El objeto de este trabajo es analizar el proceso de cambio hist\u00f3rico cultural del nivel superior en la provincia de Mendoza. Generalmente los estudios que tienen por objeto la formaci\u00f3n superior han centrado sus an\u00e1lisis sobre los estudios universitarios. Sin embargo, podemos constatar que en la provincia cuyana existi\u00f3, previamente y paralelamente, instituciones educativas de &#8230; <a title=\"INVESTIGACI\u00d3N: Historia de la Educaci\u00f3n Superior en Mendoza\" class=\"read-more\" href=\"https:\/\/ies9009-infd.mendoza.edu.ar\/sitio\/investigacion-historia-de-la-educacion-superior-en-mendoza\/\" aria-label=\"More on INVESTIGACI\u00d3N: Historia de la Educaci\u00f3n Superior en Mendoza\">[+]<\/a><\/p>\n","protected":false},"author":1635,"featured_media":0,"parent":0,"menu_order":0,"comment_status":"closed","ping_status":"closed","template":"","meta":[],"acf":[],"_links":{"self":[{"href":"https:\/\/ies9009-infd.mendoza.edu.ar\/sitio\/wp-json\/wp\/v2\/pages\/5753"}],"collection":[{"href":"https:\/\/ies9009-infd.mendoza.edu.ar\/sitio\/wp-json\/wp\/v2\/pages"}],"about":[{"href":"https:\/\/ies9009-infd.mendoza.edu.ar\/sitio\/wp-json\/wp\/v2\/types\/page"}],"author":[{"embeddable":true,"href":"https:\/\/ies9009-infd.mendoza.edu.ar\/sitio\/wp-json\/wp\/v2\/users\/1635"}],"replies":[{"embeddable":true,"href":"https:\/\/ies9009-infd.mendoza.edu.ar\/sitio\/wp-json\/wp\/v2\/comments?post=5753"}],"version-history":[{"count":1,"href":"https:\/\/ies9009-infd.mendoza.edu.ar\/sitio\/wp-json\/wp\/v2\/pages\/5753\/revisions"}],"predecessor-version":[{"id":5754,"href":"https:\/\/ies9009-infd.mendoza.edu.ar\/sitio\/wp-json\/wp\/v2\/pages\/5753\/revisions\/5754"}],"wp:attachment":[{"href":"https:\/\/ies9009-infd.mendoza.edu.ar\/sitio\/wp-json\/wp\/v2\/media?parent=5753"}],"curies":[{"name":"wp","href":"https:\/\/api.w.org\/{rel}","templated":true}]}}