{"id":5755,"date":"2020-07-24T17:18:02","date_gmt":"2020-07-24T20:18:02","guid":{"rendered":"https:\/\/ies9009-infd.mendoza.edu.ar\/sitio\/?page_id=5755"},"modified":"2020-07-24T17:18:02","modified_gmt":"2020-07-24T20:18:02","slug":"investigacion-gestion-en-los-centros-de-capacitacion-para-el-trabajo","status":"publish","type":"page","link":"https:\/\/ies9009-infd.mendoza.edu.ar\/sitio\/investigacion-gestion-en-los-centros-de-capacitacion-para-el-trabajo\/","title":{"rendered":"INVESTIGACI\u00d3N: Gesti\u00f3n en los Centros de Capacitaci\u00f3n para el Trabajo"},"content":{"rendered":"<p><strong>Informe final CCT<\/strong><\/p>\n<p>El\u00a0 centro de desarrollo\u00a0 profesional\u00a0 docente de capital estableci\u00f3 contacto con el Instituto de Ense\u00f1anza Superior N\u00ba\u00a0 9-009, con el fin de elaborar una propuesta en conjunto para atender a las necesidades de docentes y directivos. Los ejes de trabajo de esta propuesta fueron: Gesti\u00f3n institucional y capacitaci\u00f3n pedag\u00f3gica. En la d\u00e9cada del 90 las reformas educativas trajeron aparejadas un cambio en la gesti\u00f3n. Por ello consideramos importante analizar si esos procesos de transformaci\u00f3n\u00a0 se produjeron en los Centros de Capacitaci\u00f3n para el Trabajo\u00a0 y qu\u00e9 forma fue tomando\u00a0 la gesti\u00f3n institucional en cada instituci\u00f3n.\u00a0 Por lo tanto, cconsideramos significativo y relevante investigar y poner en discusi\u00f3n\u00a0 la\u00a0 gesti\u00f3n\u00a0 existente en estos centros de capacitaci\u00f3n.<\/p>\n<pre><a href=\"https:\/\/drive.google.com\/file\/d\/1FwVbSiLrQwd04yduvzdTPUNUTxT0nBAb\/view?usp=sharing\" target=\"_blank\" rel=\"noopener\">ACCEDER A LA INVESTIGACI\u00d3N<\/a><\/pre>\n<p>&nbsp;<\/p>\n","protected":false},"excerpt":{"rendered":"<p>Informe final CCT El\u00a0 centro de desarrollo\u00a0 profesional\u00a0 docente de capital estableci\u00f3 contacto con el Instituto de Ense\u00f1anza Superior N\u00ba\u00a0 9-009, con el fin de elaborar una propuesta en conjunto para atender a las necesidades de docentes y directivos. Los ejes de trabajo de esta propuesta fueron: Gesti\u00f3n institucional y capacitaci\u00f3n pedag\u00f3gica. En la d\u00e9cada &#8230; <a title=\"INVESTIGACI\u00d3N: Gesti\u00f3n en los Centros de Capacitaci\u00f3n para el Trabajo\" class=\"read-more\" href=\"https:\/\/ies9009-infd.mendoza.edu.ar\/sitio\/investigacion-gestion-en-los-centros-de-capacitacion-para-el-trabajo\/\" aria-label=\"More on INVESTIGACI\u00d3N: Gesti\u00f3n en los Centros de Capacitaci\u00f3n para el Trabajo\">[+]<\/a><\/p>\n","protected":false},"author":1635,"featured_media":0,"parent":0,"menu_order":0,"comment_status":"closed","ping_status":"closed","template":"","meta":[],"acf":[],"_links":{"self":[{"href":"https:\/\/ies9009-infd.mendoza.edu.ar\/sitio\/wp-json\/wp\/v2\/pages\/5755"}],"collection":[{"href":"https:\/\/ies9009-infd.mendoza.edu.ar\/sitio\/wp-json\/wp\/v2\/pages"}],"about":[{"href":"https:\/\/ies9009-infd.mendoza.edu.ar\/sitio\/wp-json\/wp\/v2\/types\/page"}],"author":[{"embeddable":true,"href":"https:\/\/ies9009-infd.mendoza.edu.ar\/sitio\/wp-json\/wp\/v2\/users\/1635"}],"replies":[{"embeddable":true,"href":"https:\/\/ies9009-infd.mendoza.edu.ar\/sitio\/wp-json\/wp\/v2\/comments?post=5755"}],"version-history":[{"count":1,"href":"https:\/\/ies9009-infd.mendoza.edu.ar\/sitio\/wp-json\/wp\/v2\/pages\/5755\/revisions"}],"predecessor-version":[{"id":5756,"href":"https:\/\/ies9009-infd.mendoza.edu.ar\/sitio\/wp-json\/wp\/v2\/pages\/5755\/revisions\/5756"}],"wp:attachment":[{"href":"https:\/\/ies9009-infd.mendoza.edu.ar\/sitio\/wp-json\/wp\/v2\/media?parent=5755"}],"curies":[{"name":"wp","href":"https:\/\/api.w.org\/{rel}","templated":true}]}}