{"id":5757,"date":"2020-07-24T17:19:47","date_gmt":"2020-07-24T20:19:47","guid":{"rendered":"https:\/\/ies9009-infd.mendoza.edu.ar\/sitio\/?page_id=5757"},"modified":"2020-07-24T17:20:23","modified_gmt":"2020-07-24T20:20:23","slug":"investigacion-gestion-del-patrimonio-cultural","status":"publish","type":"page","link":"https:\/\/ies9009-infd.mendoza.edu.ar\/sitio\/investigacion-gestion-del-patrimonio-cultural\/","title":{"rendered":"INVESTIGACI\u00d3N: Gesti\u00f3n del patrimonio cultural"},"content":{"rendered":"<ul>\n<li><strong>Participaci\u00f3n ciudadana<\/strong><\/li>\n<\/ul>\n<p>El paisaje cultural como definici\u00f3n de un elemento patrimonial es de escasa data y, a su vez, la participaci\u00f3n del colectivo y del ciudadano en particular se ha convertido, en los \u00faltimos tiempos, en un acto absolutamente central en la aprehensi\u00f3n de los legados culturales de las generaciones pasadas. El concepto de paisaje y su relaci\u00f3n con lo natural y con los procesos culturales de las \u00faltimas centurias quedan explicitados en las conferencias magistrales que plantearon las bases del Encuentro.<\/p>\n<pre><a href=\"https:\/\/drive.google.com\/file\/d\/1IeA3W07CL997JB60iIs2rKXVlY4j_xPM\/view?usp=sharing\" target=\"_blank\" rel=\"noopener\">ACCEDER A LA INVESTIGACI\u00d3N<\/a><\/pre>\n<p>&nbsp;<\/p>\n<ul>\n<li><strong>Gesti\u00f3n del patrimonio<\/strong><\/li>\n<\/ul>\n<p>La presente es la primera de una serie de publicaciones digitales, en el marco de los trabajos presentados en las jornadas de turismo y desarrollo sostenible que anualmente realiza el Instituto de Investigaciones en Turismo de la Facultad de Ciencias Econ\u00f3micas de la Universidad Nacional de La Plata.<\/p>\n<pre><a href=\"https:\/\/drive.google.com\/file\/d\/1Up0sSTrhdq7MWvNm0CXyvFOWiR31OnZV\/view?usp=sharing\" target=\"_blank\" rel=\"noopener\">ACCEDER A LA INVESTIGACI\u00d3N<\/a><\/pre>\n<p>&nbsp;<\/p>\n","protected":false},"excerpt":{"rendered":"<p>Participaci\u00f3n ciudadana El paisaje cultural como definici\u00f3n de un elemento patrimonial es de escasa data y, a su vez, la participaci\u00f3n del colectivo y del ciudadano en particular se ha convertido, en los \u00faltimos tiempos, en un acto absolutamente central en la aprehensi\u00f3n de los legados culturales de las generaciones pasadas. El concepto de paisaje &#8230; <a title=\"INVESTIGACI\u00d3N: Gesti\u00f3n del patrimonio cultural\" class=\"read-more\" href=\"https:\/\/ies9009-infd.mendoza.edu.ar\/sitio\/investigacion-gestion-del-patrimonio-cultural\/\" aria-label=\"More on INVESTIGACI\u00d3N: Gesti\u00f3n del patrimonio cultural\">[+]<\/a><\/p>\n","protected":false},"author":1635,"featured_media":0,"parent":0,"menu_order":0,"comment_status":"closed","ping_status":"closed","template":"","meta":[],"acf":[],"_links":{"self":[{"href":"https:\/\/ies9009-infd.mendoza.edu.ar\/sitio\/wp-json\/wp\/v2\/pages\/5757"}],"collection":[{"href":"https:\/\/ies9009-infd.mendoza.edu.ar\/sitio\/wp-json\/wp\/v2\/pages"}],"about":[{"href":"https:\/\/ies9009-infd.mendoza.edu.ar\/sitio\/wp-json\/wp\/v2\/types\/page"}],"author":[{"embeddable":true,"href":"https:\/\/ies9009-infd.mendoza.edu.ar\/sitio\/wp-json\/wp\/v2\/users\/1635"}],"replies":[{"embeddable":true,"href":"https:\/\/ies9009-infd.mendoza.edu.ar\/sitio\/wp-json\/wp\/v2\/comments?post=5757"}],"version-history":[{"count":2,"href":"https:\/\/ies9009-infd.mendoza.edu.ar\/sitio\/wp-json\/wp\/v2\/pages\/5757\/revisions"}],"predecessor-version":[{"id":5759,"href":"https:\/\/ies9009-infd.mendoza.edu.ar\/sitio\/wp-json\/wp\/v2\/pages\/5757\/revisions\/5759"}],"wp:attachment":[{"href":"https:\/\/ies9009-infd.mendoza.edu.ar\/sitio\/wp-json\/wp\/v2\/media?parent=5757"}],"curies":[{"name":"wp","href":"https:\/\/api.w.org\/{rel}","templated":true}]}}