{"id":5760,"date":"2020-07-24T17:21:43","date_gmt":"2020-07-24T20:21:43","guid":{"rendered":"https:\/\/ies9009-infd.mendoza.edu.ar\/sitio\/?page_id=5760"},"modified":"2020-07-24T17:21:59","modified_gmt":"2020-07-24T20:21:59","slug":"investigacion-aprender-ies-9-009-dge-2017","status":"publish","type":"page","link":"https:\/\/ies9009-infd.mendoza.edu.ar\/sitio\/investigacion-aprender-ies-9-009-dge-2017\/","title":{"rendered":"INVESTIGACI\u00d3N: Aprender IES 9-009\/DGE 2017"},"content":{"rendered":"<ul>\n<li><strong>Informe de investigaci\u00f3n. Aprender 2017<\/strong><\/li>\n<\/ul>\n<p>En este informe se presenta la investigaci\u00f3n Factores asociados al rendimiento en la prueba Aprender 2016: estudio exploratorio en escuelas primarias y secundarias de la Provincia de Mendoza. La misma fue realizada entre septiembre de 2017 y febrero de 2018 por los equipos de investigaci\u00f3n de los 19 (diecinueve) Institutos de Educaci\u00f3n Superior (en adelante, IES) listados anteriormente y estuvo coordinada por la Direcci\u00f3n General de Escuelas (DGE). El trabajo de campo cont\u00f3 con la participaci\u00f3n de 40 escuelas primarias y secundarias, ubicadas en 14 (catorce) de los 18 (dieciocho) departamentos de la provincia de Mendoza.<\/p>\n<pre><a href=\"https:\/\/drive.google.com\/file\/d\/1sIAXxBqEYucqbWVUzjrTMPkq-n6HOuYN\/view?usp=sharing\" target=\"_blank\" rel=\"noopener\">ACCEDER A LA INVESTIGACI\u00d3N<\/a><\/pre>\n<p>&nbsp;<\/p>\n<ul>\n<li><strong>Factores asociados anexos. Aprender 2017<\/strong><\/li>\n<\/ul>\n<p>El objetivo del trabajo fue detectar factores asociados al desempe\u00f1o en la prueba Aprender 2016 con el fin de contribuir al dise\u00f1o de pol\u00edtica educativa basada en evidencia emp\u00edrica local. En la investigaci\u00f3n se emple\u00f3 un dise\u00f1o mixto (cualitativo\/cuantitativo), consistente en observaci\u00f3n participante en las escuelas, en la realizaci\u00f3n de grupos de discusi\u00f3n y en la aplicaci\u00f3n de encuestas a estudiantes, docentes y familias de escuelas de perfiles y contextos equivalentes que, contrariamente a lo esperable, obtuvieron puntajes dis\u00edmiles en la prueba.<\/p>\n<pre><a href=\"https:\/\/drive.google.com\/file\/d\/1zxQpCwchWpx9THypVZzQTfWGK7TYGZ3Y\/view?usp=sharing\" target=\"_blank\" rel=\"noopener\">ACCEDER A LA INVESTIGACI\u00d3N<\/a><\/pre>\n<p>&nbsp;<\/p>\n<p>&nbsp;<\/p>\n","protected":false},"excerpt":{"rendered":"<p>Informe de investigaci\u00f3n. Aprender 2017 En este informe se presenta la investigaci\u00f3n Factores asociados al rendimiento en la prueba Aprender 2016: estudio exploratorio en escuelas primarias y secundarias de la Provincia de Mendoza. La misma fue realizada entre septiembre de 2017 y febrero de 2018 por los equipos de investigaci\u00f3n de los 19 (diecinueve) Institutos &#8230; <a title=\"INVESTIGACI\u00d3N: Aprender IES 9-009\/DGE 2017\" class=\"read-more\" href=\"https:\/\/ies9009-infd.mendoza.edu.ar\/sitio\/investigacion-aprender-ies-9-009-dge-2017\/\" aria-label=\"More on INVESTIGACI\u00d3N: Aprender IES 9-009\/DGE 2017\">[+]<\/a><\/p>\n","protected":false},"author":1635,"featured_media":0,"parent":0,"menu_order":0,"comment_status":"closed","ping_status":"closed","template":"","meta":[],"acf":[],"_links":{"self":[{"href":"https:\/\/ies9009-infd.mendoza.edu.ar\/sitio\/wp-json\/wp\/v2\/pages\/5760"}],"collection":[{"href":"https:\/\/ies9009-infd.mendoza.edu.ar\/sitio\/wp-json\/wp\/v2\/pages"}],"about":[{"href":"https:\/\/ies9009-infd.mendoza.edu.ar\/sitio\/wp-json\/wp\/v2\/types\/page"}],"author":[{"embeddable":true,"href":"https:\/\/ies9009-infd.mendoza.edu.ar\/sitio\/wp-json\/wp\/v2\/users\/1635"}],"replies":[{"embeddable":true,"href":"https:\/\/ies9009-infd.mendoza.edu.ar\/sitio\/wp-json\/wp\/v2\/comments?post=5760"}],"version-history":[{"count":1,"href":"https:\/\/ies9009-infd.mendoza.edu.ar\/sitio\/wp-json\/wp\/v2\/pages\/5760\/revisions"}],"predecessor-version":[{"id":5761,"href":"https:\/\/ies9009-infd.mendoza.edu.ar\/sitio\/wp-json\/wp\/v2\/pages\/5760\/revisions\/5761"}],"wp:attachment":[{"href":"https:\/\/ies9009-infd.mendoza.edu.ar\/sitio\/wp-json\/wp\/v2\/media?parent=5760"}],"curies":[{"name":"wp","href":"https:\/\/api.w.org\/{rel}","templated":true}]}}