{"id":6313,"date":"2021-08-03T10:51:28","date_gmt":"2021-08-03T13:51:28","guid":{"rendered":"https:\/\/ies9009-infd.mendoza.edu.ar\/sitio\/?page_id=6313"},"modified":"2021-09-04T11:03:04","modified_gmt":"2021-09-04T14:03:04","slug":"padron-estudiantes-y-egresados","status":"publish","type":"page","link":"https:\/\/ies9009-infd.mendoza.edu.ar\/sitio\/padron-estudiantes-y-egresados\/","title":{"rendered":"Padr\u00f3n estudiantes y egresados definitivos"},"content":{"rendered":"\n<ul><li><a href=\"https:\/\/ies9009-infd.mendoza.edu.ar\/sitio\/wp-content\/uploads\/2021\/09\/PADRONES-2021-COMPLETOS-Y-DEFINITIVOS-EGRESADOS.pdf\" data-type=\"URL\" data-id=\"https:\/\/ies9009-infd.mendoza.edu.ar\/sitio\/wp-content\/uploads\/2021\/09\/PADRONES-2021-COMPLETOS-Y-DEFINITIVOS-EGRESADOS.pdf\">Padr\u00f3n egresados<\/a><\/li><\/ul>\n\n\n\n<p><\/p>\n\n\n\n<p><strong>SEDE CENTRAL<\/strong><\/p>\n\n\n\n<ul><li><a href=\"https:\/\/ies9009-infd.mendoza.edu.ar\/sitio\/wp-content\/uploads\/2021\/09\/PADRONES-2021-COMPLETOS-Y-DEFINITIVOS-T-ENERGIAS-R.pdf\" data-type=\"URL\" data-id=\"https:\/\/ies9009-infd.mendoza.edu.ar\/sitio\/wp-content\/uploads\/2021\/09\/PADRONES-2021-COMPLETOS-Y-DEFINITIVOS-T-ENERGIAS-R.pdf\">Tecnicatura Superior en Energ\u00edas Renovables<\/a><\/li><\/ul>\n\n\n\n<ul><li><a href=\"https:\/\/ies9009-infd.mendoza.edu.ar\/sitio\/wp-content\/uploads\/2021\/09\/PADRONES-2021-COMPLETOS-Y-DEFINITIVOS-T.-ADM-DE-EMP.-PRESENCIAL.pdf\" data-type=\"URL\" data-id=\"https:\/\/ies9009-infd.mendoza.edu.ar\/sitio\/wp-content\/uploads\/2021\/09\/PADRONES-2021-COMPLETOS-Y-DEFINITIVOS-T.-ADM-DE-EMP.-PRESENCIAL.pdf\">Tecnicatura Superior en Adm. de empresas presencial<\/a><\/li><\/ul>\n\n\n\n<ul><li><a href=\"https:\/\/ies9009-infd.mendoza.edu.ar\/sitio\/wp-content\/uploads\/2021\/09\/PADRONES-2021-COMPLETOS-Y-DEFINITIVOS-T.-ADM-A-DISTANCIA.pdf\" data-type=\"URL\" data-id=\"https:\/\/ies9009-infd.mendoza.edu.ar\/sitio\/wp-content\/uploads\/2021\/09\/PADRONES-2021-COMPLETOS-Y-DEFINITIVOS-T.-ADM-A-DISTANCIA.pdf\">Tecnicatura Superior en Adm. de empresas a distancia<\/a><\/li><\/ul>\n\n\n\n<ul><li><a href=\"https:\/\/ies9009-infd.mendoza.edu.ar\/sitio\/wp-content\/uploads\/2021\/09\/PADRONES-2021-COMPLETOS-Y-DEFINITIVOS-T.-CONTABILIDAD.pdf\" data-type=\"URL\" data-id=\"https:\/\/ies9009-infd.mendoza.edu.ar\/sitio\/wp-content\/uploads\/2021\/09\/PADRONES-2021-COMPLETOS-Y-DEFINITIVOS-T.-CONTABILIDAD.pdf\" target=\"_blank\" rel=\"noreferrer noopener\">Tecnicatura Superior en contabilidad<\/a><\/li><\/ul>\n\n\n\n<ul><li><a href=\"https:\/\/ies9009-infd.mendoza.edu.ar\/sitio\/wp-content\/uploads\/2021\/09\/PADRONES-2021-COMPLETOS-Y-DEFINITIVOS-T.-GESTION-DE-EMP-Y-MICROEMP.pdf\" data-type=\"URL\" data-id=\"https:\/\/ies9009-infd.mendoza.edu.ar\/sitio\/wp-content\/uploads\/2021\/09\/PADRONES-2021-COMPLETOS-Y-DEFINITIVOS-T.-GESTION-DE-EMP-Y-MICROEMP.pdf\">Tecnicatura Superior en Gesti\u00f3n de empresas y microemprendimientos<\/a><\/li><\/ul>\n\n\n\n<ul><li><a href=\"https:\/\/ies9009-infd.mendoza.edu.ar\/sitio\/wp-content\/uploads\/2021\/09\/PADRONES-2021-COMPLETOS-Y-DEFINITIVOS-T.-AGRONOMICA-SC.pdf\" data-type=\"URL\" data-id=\"https:\/\/ies9009-infd.mendoza.edu.ar\/sitio\/wp-content\/uploads\/2021\/09\/PADRONES-2021-COMPLETOS-Y-DEFINITIVOS-T.-AGRONOMICA-SC.pdf\" target=\"_blank\" rel=\"noreferrer noopener\">Tecnicatura Superior Agron\u00f3mica<\/a><\/li><\/ul>\n\n\n\n<ul><li><a href=\"https:\/\/ies9009-infd.mendoza.edu.ar\/sitio\/wp-content\/uploads\/2021\/09\/PADRONES-2021-COMPLETOS-Y-DEFINITIVOS-T.-ENOLOGIA.pdf\" data-type=\"URL\" data-id=\"https:\/\/ies9009-infd.mendoza.edu.ar\/sitio\/wp-content\/uploads\/2021\/09\/PADRONES-2021-COMPLETOS-Y-DEFINITIVOS-T.-ENOLOGIA.pdf\" target=\"_blank\" rel=\"noreferrer noopener\">Tecnicatura Superior en Enolog\u00eda<\/a><\/li><\/ul>\n\n\n\n<ul><li><a href=\"https:\/\/ies9009-infd.mendoza.edu.ar\/sitio\/wp-content\/uploads\/2021\/09\/PADRONES-2021-COMPLETOS-Y-DEFINITIVOS-T.-PRECEPTORIA.pdf\" data-type=\"URL\" data-id=\"https:\/\/ies9009-infd.mendoza.edu.ar\/sitio\/wp-content\/uploads\/2021\/09\/PADRONES-2021-COMPLETOS-Y-DEFINITIVOS-T.-PRECEPTORIA.pdf\" target=\"_blank\" rel=\"noreferrer noopener\">Tecnicatura Superior en Preceptor\u00eda escolar<\/a><\/li><\/ul>\n\n\n\n<ul><li><a href=\"https:\/\/ies9009-infd.mendoza.edu.ar\/sitio\/wp-content\/uploads\/2021\/09\/PADRONES-2021-COMPLETOS-Y-DEFINITIVOS-MATEMATICA.pdf\" data-type=\"URL\" data-id=\"https:\/\/ies9009-infd.mendoza.edu.ar\/sitio\/wp-content\/uploads\/2021\/09\/PADRONES-2021-COMPLETOS-Y-DEFINITIVOS-MATEMATICA.pdf\">Profesorado de Educaci\u00f3n Secundaria en Matem\u00e1tica<\/a><\/li><\/ul>\n\n\n\n<ul><li><a href=\"https:\/\/ies9009-infd.mendoza.edu.ar\/sitio\/wp-content\/uploads\/2021\/09\/PADRONES-2021-COMPLETOS-Y-DEFINITIVOS-PEP.pdf\" data-type=\"URL\" data-id=\"https:\/\/ies9009-infd.mendoza.edu.ar\/sitio\/wp-content\/uploads\/2021\/09\/PADRONES-2021-COMPLETOS-Y-DEFINITIVOS-PEP.pdf\">Profesorado de Educaci\u00f3n Primaria<\/a><\/li><\/ul>\n\n\n\n<p><\/p>\n\n\n\n<p><strong>UNIDAD ACAD\u00c9MICA TUNUY\u00c1N<\/strong><\/p>\n\n\n\n<ul><li><a href=\"https:\/\/ies9009-infd.mendoza.edu.ar\/sitio\/wp-content\/uploads\/2021\/09\/PADRONES-2021-COMPLETOS-Y-DEFINITIVOS-T-TURISMO-Y-H.pdf\" data-type=\"URL\" data-id=\"https:\/\/ies9009-infd.mendoza.edu.ar\/sitio\/wp-content\/uploads\/2021\/09\/PADRONES-2021-COMPLETOS-Y-DEFINITIVOS-T-TURISMO-Y-H.pdf\">Tecnicatura Superior en Turismo y Hoteler\u00eda<\/a><\/li><\/ul>\n\n\n\n<ul><li><a href=\"https:\/\/ies9009-infd.mendoza.edu.ar\/sitio\/wp-content\/uploads\/2021\/09\/PADRONES-2021-COMPLETOS-Y-DEFINITIVOS-PEE-TYAN.pdf\" data-type=\"URL\" data-id=\"https:\/\/ies9009-infd.mendoza.edu.ar\/sitio\/wp-content\/uploads\/2021\/09\/PADRONES-2021-COMPLETOS-Y-DEFINITIVOS-PEE-TYAN.pdf\">Profesorado de Educaci\u00f3n Especial (Tyan)<\/a><\/li><\/ul>\n\n\n\n<p><\/p>\n\n\n\n<p><strong>CENTRO UNIVERSITARIO<\/strong><\/p>\n\n\n\n<ul><li><a href=\"https:\/\/ies9009-infd.mendoza.edu.ar\/sitio\/wp-content\/uploads\/2021\/09\/PADRONES-2021-COMPLETOS-Y-DEFINITIVOS-T.-DISENO.pdf\" data-type=\"URL\" data-id=\"https:\/\/ies9009-infd.mendoza.edu.ar\/sitio\/wp-content\/uploads\/2021\/09\/PADRONES-2021-COMPLETOS-Y-DEFINITIVOS-T.-DISENO.pdf\">Tecnicatura Superior en Dise\u00f1o Gr\u00e1fico<\/a><\/li><\/ul>\n\n\n\n<ul><li><a href=\"https:\/\/ies9009-infd.mendoza.edu.ar\/sitio\/wp-content\/uploads\/2021\/09\/PADRONES-2021-COMPLETOS-Y-DEFINITIVOS-PEE-CU.pdf\" data-type=\"URL\" data-id=\"https:\/\/ies9009-infd.mendoza.edu.ar\/sitio\/wp-content\/uploads\/2021\/09\/PADRONES-2021-COMPLETOS-Y-DEFINITIVOS-PEE-CU.pdf\">Profesorado de Educaci\u00f3n Especial<\/a><\/li><\/ul>\n\n\n\n<ul><li><a href=\"https:\/\/ies9009-infd.mendoza.edu.ar\/sitio\/wp-content\/uploads\/2021\/09\/PADRONES-2021-COMPLETOS-Y-DEFINITIVOS-QUIMICA.pdf\" data-type=\"URL\" data-id=\"https:\/\/ies9009-infd.mendoza.edu.ar\/sitio\/wp-content\/uploads\/2021\/09\/PADRONES-2021-COMPLETOS-Y-DEFINITIVOS-QUIMICA.pdf\">Profesorado de Educaci\u00f3n Secundaria en Qu\u00edmica<\/a><\/li><\/ul>\n\n\n\n<ul><li><a href=\"https:\/\/ies9009-infd.mendoza.edu.ar\/sitio\/wp-content\/uploads\/2021\/09\/PADRONES-2021-COMPLETOS-Y-DEFINITIVOS-FISICA.pdf\" data-type=\"URL\" data-id=\"https:\/\/ies9009-infd.mendoza.edu.ar\/sitio\/wp-content\/uploads\/2021\/09\/PADRONES-2021-COMPLETOS-Y-DEFINITIVOS-FISICA.pdf\" target=\"_blank\" rel=\"noreferrer noopener\">Profesorado de Educaci\u00f3n Secundaria en F\u00edsica<\/a><\/li><\/ul>\n\n\n\n<p><strong>UNIDAD ACAD\u00c9MICA AGRELO<\/strong><\/p>\n\n\n\n<ul><li><a href=\"https:\/\/ies9009-infd.mendoza.edu.ar\/sitio\/wp-content\/uploads\/2021\/09\/PADRONES-2021-COMPLETOS-Y-DEFINITIVOS-T.-AGRONOMICA-AGRELO.pdf\" data-type=\"URL\" data-id=\"https:\/\/ies9009-infd.mendoza.edu.ar\/sitio\/wp-content\/uploads\/2021\/09\/PADRONES-2021-COMPLETOS-Y-DEFINITIVOS-T.-AGRONOMICA-AGRELO.pdf\" target=\"_blank\" rel=\"noreferrer noopener\"> Superior Agron\u00f3mica<\/a><\/li><\/ul>\n\n\n\n<p><\/p>\n\n\n\n<p><strong>UNIDAD ACAD\u00c9MICA LUJ\u00c1N<\/strong><\/p>\n\n\n\n<ul><li><a href=\"https:\/\/ies9009-infd.mendoza.edu.ar\/sitio\/wp-content\/uploads\/2021\/09\/PADRONES-2021-COMPLETOS-Y-DEFINITIVOS-T.-ADM-PUB-LUJAN.pdf\" data-type=\"URL\" data-id=\"https:\/\/ies9009-infd.mendoza.edu.ar\/sitio\/wp-content\/uploads\/2021\/09\/PADRONES-2021-COMPLETOS-Y-DEFINITIVOS-T.-ADM-PUB-LUJAN.pdf\">Tecnicatura Superior en Administraci\u00f3n P\u00fablica<\/a><\/li><\/ul>\n\n\n\n<p><strong>UNIDAD ACAD\u00c9MICA LEGISLATURA<\/strong><\/p>\n\n\n\n<ul><li><a href=\"https:\/\/ies9009-infd.mendoza.edu.ar\/sitio\/wp-content\/uploads\/2021\/09\/PADRONES-2021-COMPLETOS-Y-DEFINITIVOS-T.-ADM-PUB-LEGISLATURA.pdf\" data-type=\"URL\" data-id=\"https:\/\/ies9009-infd.mendoza.edu.ar\/sitio\/wp-content\/uploads\/2021\/09\/PADRONES-2021-COMPLETOS-Y-DEFINITIVOS-T.-ADM-PUB-LEGISLATURA.pdf\">Tecnicatura Superior en Administraci\u00f3n P\u00fablica<\/a><\/li><\/ul>\n\n\n\n<p><strong>UNIDAD ACAD\u00c9MICA INFOPE<\/strong><\/p>\n\n\n\n<ul><li><a href=\"https:\/\/ies9009-infd.mendoza.edu.ar\/sitio\/wp-content\/uploads\/2021\/09\/PADRONES-2021-COMPLETOS-Y-DEFINITIVOS-T.-ADM-PUB-INFOPE.pdf\" data-type=\"URL\" data-id=\"https:\/\/ies9009-infd.mendoza.edu.ar\/sitio\/wp-content\/uploads\/2021\/09\/PADRONES-2021-COMPLETOS-Y-DEFINITIVOS-T.-ADM-PUB-INFOPE.pdf\">Tecnicatura Superior en Administraci\u00f3n P\u00fablica<\/a><\/li><\/ul>\n\n\n\n<p><\/p>\n","protected":false},"excerpt":{"rendered":"<p>Padr\u00f3n egresados SEDE CENTRAL Tecnicatura Superior en Energ\u00edas Renovables Tecnicatura Superior en Adm. de empresas presencial Tecnicatura Superior en Adm. de empresas a distancia Tecnicatura Superior en contabilidad Tecnicatura Superior en Gesti\u00f3n de empresas y microemprendimientos Tecnicatura Superior Agron\u00f3mica Tecnicatura Superior en Enolog\u00eda Tecnicatura Superior en Preceptor\u00eda escolar Profesorado de Educaci\u00f3n Secundaria en Matem\u00e1tica Profesorado &#8230; <a title=\"Padr\u00f3n estudiantes y egresados definitivos\" class=\"read-more\" href=\"https:\/\/ies9009-infd.mendoza.edu.ar\/sitio\/padron-estudiantes-y-egresados\/\" aria-label=\"More on Padr\u00f3n estudiantes y egresados definitivos\">[+]<\/a><\/p>\n","protected":false},"author":1635,"featured_media":0,"parent":0,"menu_order":0,"comment_status":"closed","ping_status":"closed","template":"","meta":[],"acf":[],"_links":{"self":[{"href":"https:\/\/ies9009-infd.mendoza.edu.ar\/sitio\/wp-json\/wp\/v2\/pages\/6313"}],"collection":[{"href":"https:\/\/ies9009-infd.mendoza.edu.ar\/sitio\/wp-json\/wp\/v2\/pages"}],"about":[{"href":"https:\/\/ies9009-infd.mendoza.edu.ar\/sitio\/wp-json\/wp\/v2\/types\/page"}],"author":[{"embeddable":true,"href":"https:\/\/ies9009-infd.mendoza.edu.ar\/sitio\/wp-json\/wp\/v2\/users\/1635"}],"replies":[{"embeddable":true,"href":"https:\/\/ies9009-infd.mendoza.edu.ar\/sitio\/wp-json\/wp\/v2\/comments?post=6313"}],"version-history":[{"count":5,"href":"https:\/\/ies9009-infd.mendoza.edu.ar\/sitio\/wp-json\/wp\/v2\/pages\/6313\/revisions"}],"predecessor-version":[{"id":6646,"href":"https:\/\/ies9009-infd.mendoza.edu.ar\/sitio\/wp-json\/wp\/v2\/pages\/6313\/revisions\/6646"}],"wp:attachment":[{"href":"https:\/\/ies9009-infd.mendoza.edu.ar\/sitio\/wp-json\/wp\/v2\/media?parent=6313"}],"curies":[{"name":"wp","href":"https:\/\/api.w.org\/{rel}","templated":true}]}}